{"id":45168,"date":"2024-08-18T09:26:06","date_gmt":"2024-09-10T13:11:29","guid":{"rendered":"https:\/\/staging.nbg.eu\/product\/premium-belt-security-loop\/"},"modified":"2024-09-10T13:12:04","modified_gmt":"2024-09-10T13:12:04","slug":"premium-sigurnosna-omca-za-pojas","status":"publish","type":"product","link":"https:\/\/staging.nbg.eu\/hr\/proizvod\/premium-sigurnosna-omca-za-pojas\/","title":{"rendered":"Premium Sigurnosna Om\u010da za Pojas"},"content":{"rendered":"<p>Osigurajte svoj remen s DAA Premium sigurnosnom petljom za remen. Gumirani za udobnost i \u010dvrst stisak, dr\u017ei va\u0161 remen na mjestu tijekom intenzivnih sesija pucanja. Odgovara ve\u0107ini standardnih remena.<\/p>\n","protected":false},"excerpt":{"rendered":"<p>Sigurna petlja za remen: Gumirana dr\u0161ka, sprje\u010dava pomicanje, odgovara standardnim remenjima.<\/p>\n","protected":false},"featured_media":26090,"template":"","meta":{"_acf_changed":false},"product_brand":[11260],"product_cat":[13536,13539],"product_tag":[],"class_list":{"0":"post-45168","1":"product","2":"type-product","3":"status-publish","4":"has-post-thumbnail","6":"product_brand-doublealpha","7":"product_cat-oprema","8":"product_cat-sportski-pojasevi","10":"first","11":"instock","12":"taxable","13":"shipping-taxable","14":"purchasable","15":"product-type-simple"},"acf":[],"_links":{"self":[{"href":"https:\/\/staging.nbg.eu\/hr\/wp-json\/wp\/v2\/product\/45168","targetHints":{"allow":["GET"]}}],"collection":[{"href":"https:\/\/staging.nbg.eu\/hr\/wp-json\/wp\/v2\/product"}],"about":[{"href":"https:\/\/staging.nbg.eu\/hr\/wp-json\/wp\/v2\/types\/product"}],"wp:featuredmedia":[{"embeddable":true,"href":"https:\/\/staging.nbg.eu\/hr\/wp-json\/wp\/v2\/media\/26090"}],"wp:attachment":[{"href":"https:\/\/staging.nbg.eu\/hr\/wp-json\/wp\/v2\/media?parent=45168"}],"wp:term":[{"taxonomy":"product_brand","embeddable":true,"href":"https:\/\/staging.nbg.eu\/hr\/wp-json\/wp\/v2\/product_brand?post=45168"},{"taxonomy":"product_cat","embeddable":true,"href":"https:\/\/staging.nbg.eu\/hr\/wp-json\/wp\/v2\/product_cat?post=45168"},{"taxonomy":"product_tag","embeddable":true,"href":"https:\/\/staging.nbg.eu\/hr\/wp-json\/wp\/v2\/product_tag?post=45168"}],"curies":[{"name":"wp","href":"https:\/\/api.w.org\/{rel}","templated":true}]}}