{"id":45146,"date":"2024-08-18T09:26:36","date_gmt":"2024-08-18T09:26:36","guid":{"rendered":"https:\/\/staging.nbg.eu\/product\/daa-magnet-cover\/"},"modified":"2024-09-10T12:57:34","modified_gmt":"2024-09-10T12:57:34","slug":"daa-poklopac-za-magnet","status":"publish","type":"product","link":"https:\/\/staging.nbg.eu\/hr\/proizvod\/daa-poklopac-za-magnet\/","title":{"rendered":"DAA Poklopac za Magnet"},"content":{"rendered":"<p>\nDAA magnetski poklopac: Stilski, izdr\u017eljiv najlonski poklopac za magnete od 48 mm. Sadr\u017ei magnetski \u010deli\u010dni DAA logotip. Smanjuje ne\u017eeljeno magnetsko privla\u010denje uz o\u010duvanje funkcionalnosti.<\/p>\n","protected":false},"excerpt":{"rendered":"<p>Elegantan, za\u0161titni poklopac za DAA magnete od 48 mm. Smanjuje magnetsku privla\u010dnost.<\/p>\n","protected":false},"featured_media":26113,"template":"","meta":{"_acf_changed":false},"product_brand":[11260],"product_cat":[13556,13523],"product_tag":[],"class_list":{"0":"post-45146","1":"product","2":"type-product","3":"status-publish","4":"has-post-thumbnail","6":"product_brand-doublealpha","7":"product_cat-dodaci-za-futrole","8":"product_cat-futrola","10":"first","11":"instock","12":"taxable","13":"shipping-taxable","14":"purchasable","15":"product-type-simple"},"acf":[],"_links":{"self":[{"href":"https:\/\/staging.nbg.eu\/hr\/wp-json\/wp\/v2\/product\/45146","targetHints":{"allow":["GET"]}}],"collection":[{"href":"https:\/\/staging.nbg.eu\/hr\/wp-json\/wp\/v2\/product"}],"about":[{"href":"https:\/\/staging.nbg.eu\/hr\/wp-json\/wp\/v2\/types\/product"}],"wp:featuredmedia":[{"embeddable":true,"href":"https:\/\/staging.nbg.eu\/hr\/wp-json\/wp\/v2\/media\/26113"}],"wp:attachment":[{"href":"https:\/\/staging.nbg.eu\/hr\/wp-json\/wp\/v2\/media?parent=45146"}],"wp:term":[{"taxonomy":"product_brand","embeddable":true,"href":"https:\/\/staging.nbg.eu\/hr\/wp-json\/wp\/v2\/product_brand?post=45146"},{"taxonomy":"product_cat","embeddable":true,"href":"https:\/\/staging.nbg.eu\/hr\/wp-json\/wp\/v2\/product_cat?post=45146"},{"taxonomy":"product_tag","embeddable":true,"href":"https:\/\/staging.nbg.eu\/hr\/wp-json\/wp\/v2\/product_tag?post=45146"}],"curies":[{"name":"wp","href":"https:\/\/api.w.org\/{rel}","templated":true}]}}