{"id":45124,"date":"2024-08-18T09:27:28","date_gmt":"2024-09-10T12:42:10","guid":{"rendered":"https:\/\/staging.nbg.eu\/product\/dillon-precision-daa-223-fast-flow-powder-funnel\/"},"modified":"2024-09-10T12:42:46","modified_gmt":"2024-09-10T12:42:46","slug":"dillon-precision-daa-223-lijevak-za-barut-brzog-protoka","status":"publish","type":"product","link":"https:\/\/staging.nbg.eu\/hr\/proizvod\/dillon-precision-daa-223-lijevak-za-barut-brzog-protoka\/","title":{"rendered":"Dillon Precision &#8211; Daa .223 Lijevak za Barut Brzog Protoka"},"content":{"rendered":"<div class=\"product-description\">\n<h2>Dillon Precision &#8211; DAA .223 Lijevak za brzi protok baruta<\/h2>\n<p>Unaprijedite svoje iskustvo punjenja .223 metaka s DAA .223 lijevkom za brzi protok. Dizajniran u suradnji s in\u017eenjerom zrakoplovnih sustava Andrewom Murrellom, CSEP, ovaj lijevak pobolj\u0161ava konzistentnost protoka baruta i smanjuje zaglavljivanje \u0161tapi\u0107astog ili ljuskastog baruta.<\/p>\n<ul>\n<li>Izra\u0111en od nehr\u0111aju\u0107eg \u010delika SUS303<\/li>\n<li>Elektropolirana zrcalna zavr\u0161na obrada<\/li>\n<li>Izvrsna otpornost na hr\u0111u i trajnost<\/li>\n<li>Jedinstveni unutarnji oblik lijevka za bolji protok baruta<\/li>\n<li>Kompatibilan s Dillon mjera\u010dima baruta<\/li>\n<\/ul>\n<p>Do\u017eivite razliku s na\u0161im precizno izra\u0111enim lijevkom, koji ima uske tolerancije i glatku povr\u0161inu poput stakla za vrhunske performanse i protok baruta.<\/p>\n<\/div>\n","protected":false},"excerpt":{"rendered":"<p>Strujni lijevak za barut .223 za dosljedno punjenje bez zastoja.<\/p>\n","protected":false},"featured_media":26228,"template":"","meta":{"_acf_changed":false},"product_brand":[11260],"product_cat":[13519,13565],"product_tag":[],"class_list":{"0":"post-45124","1":"product","2":"type-product","3":"status-publish","4":"has-post-thumbnail","6":"product_brand-doublealpha","7":"product_cat-pribor-za-punjenje","8":"product_cat-punjenje-metaka","10":"first","11":"instock","12":"taxable","13":"shipping-taxable","14":"purchasable","15":"product-type-simple"},"acf":[],"_links":{"self":[{"href":"https:\/\/staging.nbg.eu\/hr\/wp-json\/wp\/v2\/product\/45124","targetHints":{"allow":["GET"]}}],"collection":[{"href":"https:\/\/staging.nbg.eu\/hr\/wp-json\/wp\/v2\/product"}],"about":[{"href":"https:\/\/staging.nbg.eu\/hr\/wp-json\/wp\/v2\/types\/product"}],"wp:featuredmedia":[{"embeddable":true,"href":"https:\/\/staging.nbg.eu\/hr\/wp-json\/wp\/v2\/media\/26228"}],"wp:attachment":[{"href":"https:\/\/staging.nbg.eu\/hr\/wp-json\/wp\/v2\/media?parent=45124"}],"wp:term":[{"taxonomy":"product_brand","embeddable":true,"href":"https:\/\/staging.nbg.eu\/hr\/wp-json\/wp\/v2\/product_brand?post=45124"},{"taxonomy":"product_cat","embeddable":true,"href":"https:\/\/staging.nbg.eu\/hr\/wp-json\/wp\/v2\/product_cat?post=45124"},{"taxonomy":"product_tag","embeddable":true,"href":"https:\/\/staging.nbg.eu\/hr\/wp-json\/wp\/v2\/product_tag?post=45124"}],"curies":[{"name":"wp","href":"https:\/\/api.w.org\/{rel}","templated":true}]}}