{"id":45102,"date":"2024-08-18T09:27:48","date_gmt":"2024-09-10T12:34:19","guid":{"rendered":"https:\/\/staging.nbg.eu\/product\/thigh-pad-for-flex-alpha-x-racer-x-holsters\/"},"modified":"2024-09-10T12:34:52","modified_gmt":"2024-09-10T12:34:52","slug":"jastucic-za-bedro-za-flex-alpha-x-racer-x-futrole","status":"publish","type":"product","link":"https:\/\/staging.nbg.eu\/hr\/proizvod\/jastucic-za-bedro-za-flex-alpha-x-racer-x-futrole\/","title":{"rendered":"Jastu\u010di\u0107 za Bedro za Flex \/ Alpha-X \/ Racer-X Futrole"},"content":{"rendered":"<div class=\"product-description\">\n<h2>DAA Jastu\u010di\u0107 za bedro za Flex \/ Alpha-X \/ Racer-X futrole<\/h2>\n<p>Unaprijedite svoje iskustvo pucanja s DAA jastu\u010di\u0107em za bedro, kompatibilnim s Alpha-X, Racer-X i FLEX futrolama. Ovaj vi\u0161enamjenski jastu\u010di\u0107 nudi:<\/p>\n<ul>\n<li>Jednostavnu instalaciju &#8211; bez vijaka ili ljepila<\/li>\n<li>Sigurno prianjanje pomo\u0107u jezi\u010daka koji se uklope<\/li>\n<li>Kompaktan, ali u\u010dinkovit dizajn<\/li>\n<li>Prikladan za futrole za desnu i lijevu ruku<\/li>\n<\/ul>\n<p>Jednostavno gurnite jastu\u010di\u0107 za bedro preko pojasnog pri\u010dvr\u0161\u0107enja futrole dok jezi\u010dci ne kliknu na mjesto. Uklonite ga povla\u010denjem jezi\u010daka prema gore i klizanjem. Ovaj jastu\u010di\u0107 savr\u0161en je dodatak va\u0161oj Double-Alpha futroli, pru\u017eaju\u0107i dodatnu udobnost i stabilnost za vrhunske strijelce diljem svijeta.<\/p>\n<\/div>\n","protected":false},"excerpt":{"rendered":"<p>\u0160titnik za bedro za Alpha-X\/Racer-X: Siguran, udoban, nije potreban alat.<\/p>\n","protected":false},"featured_media":26274,"template":"","meta":{"_acf_changed":false},"product_brand":[11260],"product_cat":[13556,13561],"product_tag":[],"class_list":{"0":"post-45102","1":"product","2":"type-product","3":"status-publish","4":"has-post-thumbnail","6":"product_brand-doublealpha","7":"product_cat-dodaci-za-futrole","8":"product_cat-sportska-futrola","10":"first","11":"instock","12":"taxable","13":"shipping-taxable","14":"purchasable","15":"product-type-simple"},"acf":[],"_links":{"self":[{"href":"https:\/\/staging.nbg.eu\/hr\/wp-json\/wp\/v2\/product\/45102","targetHints":{"allow":["GET"]}}],"collection":[{"href":"https:\/\/staging.nbg.eu\/hr\/wp-json\/wp\/v2\/product"}],"about":[{"href":"https:\/\/staging.nbg.eu\/hr\/wp-json\/wp\/v2\/types\/product"}],"wp:featuredmedia":[{"embeddable":true,"href":"https:\/\/staging.nbg.eu\/hr\/wp-json\/wp\/v2\/media\/26274"}],"wp:attachment":[{"href":"https:\/\/staging.nbg.eu\/hr\/wp-json\/wp\/v2\/media?parent=45102"}],"wp:term":[{"taxonomy":"product_brand","embeddable":true,"href":"https:\/\/staging.nbg.eu\/hr\/wp-json\/wp\/v2\/product_brand?post=45102"},{"taxonomy":"product_cat","embeddable":true,"href":"https:\/\/staging.nbg.eu\/hr\/wp-json\/wp\/v2\/product_cat?post=45102"},{"taxonomy":"product_tag","embeddable":true,"href":"https:\/\/staging.nbg.eu\/hr\/wp-json\/wp\/v2\/product_tag?post=45102"}],"curies":[{"name":"wp","href":"https:\/\/api.w.org\/{rel}","templated":true}]}}