{"id":45080,"date":"2024-08-18T09:28:23","date_gmt":"2024-08-18T09:28:23","guid":{"rendered":"https:\/\/staging.nbg.eu\/product\/daa-reloading-press-tool-holder\/"},"modified":"2024-09-10T12:29:09","modified_gmt":"2024-09-10T12:29:09","slug":"daa-drzac-alata-za-presu-za-punjenje","status":"publish","type":"product","link":"https:\/\/staging.nbg.eu\/hr\/proizvod\/daa-drzac-alata-za-presu-za-punjenje\/","title":{"rendered":"Daa Dr\u017ea\u010d Alata za Presu za Punjenje"},"content":{"rendered":"<div class=\"product-description\">\n<h2>DAA Dr\u017ea\u010d alata za pre\u0161u za ponovno punjenje<\/h2>\n<p>Organizirajte svoje alate za ponovno punjenje s ovim prakti\u010dnim dr\u017ea\u010dem! Dizajniran za Dillon RL1100\/1050\/750\/650 pre\u0161e, lako se montira na \u010detvrtaste ili okrugle cijevi od 1 in\u010da.<\/p>\n<ul>\n<li>Izdr\u017eljiva konstrukcija od najlona oja\u010danog staklenim vlaknima<\/li>\n<li>Gumeni premaz boje za atraktivan zavr\u0161etak<\/li>\n<li>Dr\u017ei 7 imbus klju\u010deva, klju\u010d za matricu i 3 dodatna alata<\/li>\n<li>Veliki odjeljak za pohranu sitnih dijelova<\/li>\n<li>Ugra\u0111eni magnet za dr\u017eanje metalnih predmeta<\/li>\n<\/ul>\n<p>Unaprijedite svoju opremu za ponovno punjenje s ovim vi\u0161enamjenskim dr\u017ea\u010dem alata! (Alati nisu uklju\u010deni)<\/p>\n<\/div>\n","protected":false},"excerpt":{"rendered":"<p>Vi\u0161enamjenski dr\u017ea\u010d za monta\u017eu na pre\u0161u za alate i dijelove za ponovno punjenje.<\/p>\n","protected":false},"featured_media":26563,"template":"","meta":{"_acf_changed":false},"product_brand":[11260],"product_cat":[13519,13565],"product_tag":[],"class_list":{"0":"post-45080","1":"product","2":"type-product","3":"status-publish","4":"has-post-thumbnail","6":"product_brand-doublealpha","7":"product_cat-pribor-za-punjenje","8":"product_cat-punjenje-metaka","10":"first","11":"outofstock","12":"taxable","13":"shipping-taxable","14":"purchasable","15":"product-type-simple"},"acf":[],"_links":{"self":[{"href":"https:\/\/staging.nbg.eu\/hr\/wp-json\/wp\/v2\/product\/45080","targetHints":{"allow":["GET"]}}],"collection":[{"href":"https:\/\/staging.nbg.eu\/hr\/wp-json\/wp\/v2\/product"}],"about":[{"href":"https:\/\/staging.nbg.eu\/hr\/wp-json\/wp\/v2\/types\/product"}],"wp:featuredmedia":[{"embeddable":true,"href":"https:\/\/staging.nbg.eu\/hr\/wp-json\/wp\/v2\/media\/26563"}],"wp:attachment":[{"href":"https:\/\/staging.nbg.eu\/hr\/wp-json\/wp\/v2\/media?parent=45080"}],"wp:term":[{"taxonomy":"product_brand","embeddable":true,"href":"https:\/\/staging.nbg.eu\/hr\/wp-json\/wp\/v2\/product_brand?post=45080"},{"taxonomy":"product_cat","embeddable":true,"href":"https:\/\/staging.nbg.eu\/hr\/wp-json\/wp\/v2\/product_cat?post=45080"},{"taxonomy":"product_tag","embeddable":true,"href":"https:\/\/staging.nbg.eu\/hr\/wp-json\/wp\/v2\/product_tag?post=45080"}],"curies":[{"name":"wp","href":"https:\/\/api.w.org\/{rel}","templated":true}]}}