{"id":45058,"date":"2024-08-18T09:28:37","date_gmt":"2024-08-18T09:28:37","guid":{"rendered":"https:\/\/staging.nbg.eu\/product\/lynx-belt-steel-mini-punch-tool\/"},"modified":"2024-09-10T12:25:32","modified_gmt":"2024-09-10T12:25:32","slug":"lynx-pojas-celicni-mini-alat-za-busenje","status":"publish","type":"product","link":"https:\/\/staging.nbg.eu\/hr\/proizvod\/lynx-pojas-celicni-mini-alat-za-busenje\/","title":{"rendered":"Lynx Pojas: \u010celi\u010dni Mini Alat za Bu\u0161enje"},"content":{"rendered":"<p>Lynx Belt: \u010celi\u010dni mini alat za probijanje je kompaktan, ru\u010dno izra\u0111en \u010deli\u010dni probija\u010d dizajniran za brzo i jednostavno uklanjanje valjkastih zatika. Savr\u0161en za pode\u0161avanje karika remena, ovaj lagani alat duga\u010dak je 70 mm s promjerom glave od 6 mm i promjerom osovine od 2,5 mm. Idealan je za va\u0161u torbicu s alatima za streli\u0161te.<\/p>\n","protected":false},"excerpt":{"rendered":"<p>Kompaktni \u010deli\u010dni alat za brzo i jednostavno pode\u0161avanje karika remena.<\/p>\n","protected":false},"featured_media":26701,"template":"","meta":{"_acf_changed":false},"product_brand":[11260],"product_cat":[13536,13539],"product_tag":[],"class_list":{"0":"post-45058","1":"product","2":"type-product","3":"status-publish","4":"has-post-thumbnail","6":"product_brand-doublealpha","7":"product_cat-oprema","8":"product_cat-sportski-pojasevi","10":"first","11":"instock","12":"taxable","13":"shipping-taxable","14":"purchasable","15":"product-type-simple"},"acf":[],"_links":{"self":[{"href":"https:\/\/staging.nbg.eu\/hr\/wp-json\/wp\/v2\/product\/45058","targetHints":{"allow":["GET"]}}],"collection":[{"href":"https:\/\/staging.nbg.eu\/hr\/wp-json\/wp\/v2\/product"}],"about":[{"href":"https:\/\/staging.nbg.eu\/hr\/wp-json\/wp\/v2\/types\/product"}],"wp:featuredmedia":[{"embeddable":true,"href":"https:\/\/staging.nbg.eu\/hr\/wp-json\/wp\/v2\/media\/26701"}],"wp:attachment":[{"href":"https:\/\/staging.nbg.eu\/hr\/wp-json\/wp\/v2\/media?parent=45058"}],"wp:term":[{"taxonomy":"product_brand","embeddable":true,"href":"https:\/\/staging.nbg.eu\/hr\/wp-json\/wp\/v2\/product_brand?post=45058"},{"taxonomy":"product_cat","embeddable":true,"href":"https:\/\/staging.nbg.eu\/hr\/wp-json\/wp\/v2\/product_cat?post=45058"},{"taxonomy":"product_tag","embeddable":true,"href":"https:\/\/staging.nbg.eu\/hr\/wp-json\/wp\/v2\/product_tag?post=45058"}],"curies":[{"name":"wp","href":"https:\/\/api.w.org\/{rel}","templated":true}]}}