{"id":45036,"date":"2024-08-18T09:29:43","date_gmt":"2024-08-18T09:29:43","guid":{"rendered":"https:\/\/staging.nbg.eu\/product\/daa-primer-tube-cap-5-pack\/"},"modified":"2024-09-10T12:23:34","modified_gmt":"2024-09-10T12:23:34","slug":"daa-cep-za-cijev-kapislara-pakiranje-5-komada","status":"publish","type":"product","link":"https:\/\/staging.nbg.eu\/hr\/proizvod\/daa-cep-za-cijev-kapislara-pakiranje-5-komada\/","title":{"rendered":"Daa \u010cep za Cijev Kapislara, Pakiranje 5 Komada"},"content":{"rendered":"<p>\n<strong>DAA poklopac za cjev\u010dicu s inicijalnima kapislama, pakiranje od 5 komada<\/strong><br \/>\nPrilago\u0111eni silikonski gumeni poklopci za cjev\u010dice s inicijalnima kapislama od 8 mm. Sprje\u010dava prosipanje pri kori\u0161tenju ure\u0111aja za brzo punjenje. Jednostavno za uporabu: navucite, polo\u017eite ravno. Nema vi\u0161e nereda s inicijalnima kapislama!<\/p>\n<ul>\n<li>Odgovara ve\u0107ini cjev\u010dica za punjenje<\/li>\n<li>Kompatibilno s DAA Primer-Pro i drugim punilicama<\/li>\n<li>Boja: Crvena<\/li>\n<li>Pakiranje od 5 komada<\/li>\n<\/ul>\n<p>Osigurajte svoje inicijalne kapisle s ovim prakti\u010dnim poklopcima!<\/p>\n","protected":false},"excerpt":{"rendered":"<p>Sigurne 8mm epruvete za po\u010detnice s lako postavljaju\u0107im silikonskim \u010depovima koji sprje\u010davaju prolijevanje.<\/p>\n","protected":false},"featured_media":26724,"template":"","meta":{"_acf_changed":false},"product_brand":[11260],"product_cat":[13519,13565],"product_tag":[],"class_list":{"0":"post-45036","1":"product","2":"type-product","3":"status-publish","4":"has-post-thumbnail","6":"product_brand-doublealpha","7":"product_cat-pribor-za-punjenje","8":"product_cat-punjenje-metaka","10":"first","11":"outofstock","12":"taxable","13":"shipping-taxable","14":"purchasable","15":"product-type-simple"},"acf":[],"_links":{"self":[{"href":"https:\/\/staging.nbg.eu\/hr\/wp-json\/wp\/v2\/product\/45036","targetHints":{"allow":["GET"]}}],"collection":[{"href":"https:\/\/staging.nbg.eu\/hr\/wp-json\/wp\/v2\/product"}],"about":[{"href":"https:\/\/staging.nbg.eu\/hr\/wp-json\/wp\/v2\/types\/product"}],"wp:featuredmedia":[{"embeddable":true,"href":"https:\/\/staging.nbg.eu\/hr\/wp-json\/wp\/v2\/media\/26724"}],"wp:attachment":[{"href":"https:\/\/staging.nbg.eu\/hr\/wp-json\/wp\/v2\/media?parent=45036"}],"wp:term":[{"taxonomy":"product_brand","embeddable":true,"href":"https:\/\/staging.nbg.eu\/hr\/wp-json\/wp\/v2\/product_brand?post=45036"},{"taxonomy":"product_cat","embeddable":true,"href":"https:\/\/staging.nbg.eu\/hr\/wp-json\/wp\/v2\/product_cat?post=45036"},{"taxonomy":"product_tag","embeddable":true,"href":"https:\/\/staging.nbg.eu\/hr\/wp-json\/wp\/v2\/product_tag?post=45036"}],"curies":[{"name":"wp","href":"https:\/\/api.w.org\/{rel}","templated":true}]}}