{"id":45014,"date":"2024-08-18T09:29:56","date_gmt":"2024-09-10T12:18:00","guid":{"rendered":"https:\/\/staging.nbg.eu\/product\/buckle-kit-lynx\/"},"modified":"2024-09-10T12:18:32","modified_gmt":"2024-09-10T12:18:32","slug":"komplet-kopci-lynx","status":"publish","type":"product","link":"https:\/\/staging.nbg.eu\/hr\/proizvod\/komplet-kopci-lynx\/","title":{"rendered":"Komplet Kop\u010di &#8211; Lynx"},"content":{"rendered":"<div class=\"product-description\">\n<h2>Komplet kop\u010de &#8211; Lynx<\/h2>\n<p>Nadogradite svoj Lynx remen s na\u0161im spremnim za upotrebu Kompletom kop\u010de! Ovaj sveobuhvatni paket uklju\u010duje:<\/p>\n<ul>\n<li>Potpuno sastavljenu Lynx kop\u010du<\/li>\n<li>Lynx krajnji dio remena<\/li>\n<li>50 valjkastih zatika za sastavljanje remena<\/li>\n<li>Rezervni silikonski O-prsten<\/li>\n<li>Posebno dizajnirani \u010deli\u010dni mini alat za probijanje<\/li>\n<\/ul>\n<p>Jednostavno pri\u010dvrstite ve\u0107 sastavljenu kop\u010du na svoj Lynx remen za trenutnu upotrebu. Na\u0161 komplet pru\u017ea sve \u0161to vam je potrebno za brzu i jednostavnu nadogradnju remena.<\/p>\n<\/div>\n","protected":false},"excerpt":{"rendered":"<p>Komplet s Lynx kop\u010dom spreman za upotrebu, s alatima za jednostavnu monta\u017eu remena.<\/p>\n","protected":false},"featured_media":26770,"template":"","meta":{"_acf_changed":false},"product_brand":[11260],"product_cat":[13536,13539],"product_tag":[],"class_list":{"0":"post-45014","1":"product","2":"type-product","3":"status-publish","4":"has-post-thumbnail","6":"product_brand-doublealpha","7":"product_cat-oprema","8":"product_cat-sportski-pojasevi","10":"first","11":"instock","12":"taxable","13":"shipping-taxable","14":"purchasable","15":"product-type-simple"},"acf":[],"_links":{"self":[{"href":"https:\/\/staging.nbg.eu\/hr\/wp-json\/wp\/v2\/product\/45014","targetHints":{"allow":["GET"]}}],"collection":[{"href":"https:\/\/staging.nbg.eu\/hr\/wp-json\/wp\/v2\/product"}],"about":[{"href":"https:\/\/staging.nbg.eu\/hr\/wp-json\/wp\/v2\/types\/product"}],"wp:featuredmedia":[{"embeddable":true,"href":"https:\/\/staging.nbg.eu\/hr\/wp-json\/wp\/v2\/media\/26770"}],"wp:attachment":[{"href":"https:\/\/staging.nbg.eu\/hr\/wp-json\/wp\/v2\/media?parent=45014"}],"wp:term":[{"taxonomy":"product_brand","embeddable":true,"href":"https:\/\/staging.nbg.eu\/hr\/wp-json\/wp\/v2\/product_brand?post=45014"},{"taxonomy":"product_cat","embeddable":true,"href":"https:\/\/staging.nbg.eu\/hr\/wp-json\/wp\/v2\/product_cat?post=45014"},{"taxonomy":"product_tag","embeddable":true,"href":"https:\/\/staging.nbg.eu\/hr\/wp-json\/wp\/v2\/product_tag?post=45014"}],"curies":[{"name":"wp","href":"https:\/\/api.w.org\/{rel}","templated":true}]}}