{"id":44992,"date":"2024-08-18T09:30:21","date_gmt":"2024-08-18T09:30:21","guid":{"rendered":"https:\/\/staging.nbg.eu\/product\/lynx-belt-ratchet-buckle\/"},"modified":"2024-09-10T12:02:42","modified_gmt":"2024-09-10T12:02:42","slug":"lynx-pojas-kopca-sa-zatezacem","status":"publish","type":"product","link":"https:\/\/staging.nbg.eu\/hr\/proizvod\/lynx-pojas-kopca-sa-zatezacem\/","title":{"rendered":"Lynx Pojas Kop\u010da sa Zateza\u010dem"},"content":{"rendered":"<div class=\"product-description\">\n<h2>DAA Lynx Remenski Sustav s Kop\u010dom na Zatezanje<\/h2>\n<p>Nadogradite svoju strelja\u010dku opremu DAA Lynx remenskim sustavom s kop\u010dom na zatezanje. Ova inovativna kop\u010da nudi:<\/p>\n<ul>\n<li>Ve\u0107u mogu\u0107nost pode\u0161avanja duljine za laku prilagodbu odje\u0107i<\/li>\n<li>Brzo olabavljivanje i zatezanje izme\u0111u etapa<\/li>\n<li>Izdr\u017eljivu konstrukciju od \u010delika i aluminija<\/li>\n<li>Gumenu traku \u0161irine 23 mm s rasponom pode\u0161avanja od 16 cm<\/li>\n<li>Dvije prethodno izbu\u0161ene crne karike s \u010deli\u010dnim navojnim umetcima<\/li>\n<\/ul>\n<p>Preporu\u010deno mjesto: sprijeda, izme\u0111u futrole i prvog spremnika. Traka se mo\u017ee skratiti, a smjer kop\u010de promijeniti po \u017eelji. Pobolj\u0161ajte svoje strelja\u010dko iskustvo uz ve\u0107u udobnost i prakti\u010dnost!<\/p>\n<\/div>\n","protected":false},"excerpt":{"rendered":"<p>Kop\u010da s mehanizmom za lako pode\u0161avanje remena i brzo zatezanje.<\/p>\n","protected":false},"featured_media":26862,"template":"","meta":{"_acf_changed":false},"product_brand":[11260],"product_cat":[13536,13539],"product_tag":[],"class_list":{"0":"post-44992","1":"product","2":"type-product","3":"status-publish","4":"has-post-thumbnail","6":"product_brand-doublealpha","7":"product_cat-oprema","8":"product_cat-sportski-pojasevi","10":"first","11":"instock","12":"taxable","13":"shipping-taxable","14":"purchasable","15":"product-type-simple"},"acf":[],"_links":{"self":[{"href":"https:\/\/staging.nbg.eu\/hr\/wp-json\/wp\/v2\/product\/44992","targetHints":{"allow":["GET"]}}],"collection":[{"href":"https:\/\/staging.nbg.eu\/hr\/wp-json\/wp\/v2\/product"}],"about":[{"href":"https:\/\/staging.nbg.eu\/hr\/wp-json\/wp\/v2\/types\/product"}],"wp:featuredmedia":[{"embeddable":true,"href":"https:\/\/staging.nbg.eu\/hr\/wp-json\/wp\/v2\/media\/26862"}],"wp:attachment":[{"href":"https:\/\/staging.nbg.eu\/hr\/wp-json\/wp\/v2\/media?parent=44992"}],"wp:term":[{"taxonomy":"product_brand","embeddable":true,"href":"https:\/\/staging.nbg.eu\/hr\/wp-json\/wp\/v2\/product_brand?post=44992"},{"taxonomy":"product_cat","embeddable":true,"href":"https:\/\/staging.nbg.eu\/hr\/wp-json\/wp\/v2\/product_cat?post=44992"},{"taxonomy":"product_tag","embeddable":true,"href":"https:\/\/staging.nbg.eu\/hr\/wp-json\/wp\/v2\/product_tag?post=44992"}],"curies":[{"name":"wp","href":"https:\/\/api.w.org\/{rel}","templated":true}]}}