{"id":44970,"date":"2024-08-18T09:31:04","date_gmt":"2024-08-18T09:31:04","guid":{"rendered":"https:\/\/staging.nbg.eu\/product\/daa-1-die-box-end-wrench\/"},"modified":"2024-09-10T11:56:11","modified_gmt":"2024-09-10T11:56:11","slug":"daa-1-matrica-vilasti-kljuc","status":"publish","type":"product","link":"https:\/\/staging.nbg.eu\/hr\/proizvod\/daa-1-matrica-vilasti-kljuc\/","title":{"rendered":"Daa 1&#8243; Matrica, Vilasti Klju\u010d"},"content":{"rendered":"<div class=\"product-description\">\n<h2>DAA 1&#8243; Klju\u010d za matice s kutijastim zavr\u0161etkom<\/h2>\n<p>Ultimativno rje\u0161enje za reloadere koji se bore s pode\u0161avanjem matrica na sku\u010denim glavama alata. Ovaj po mjeri izra\u0111en, laserski izrezan klju\u010d od nehr\u0111aju\u0107eg \u010delika sadr\u017ei:<\/p>\n<ul>\n<li>Dizajn tankih stijenki za lak pristup izme\u0111u matrica<\/li>\n<li>Vi\u0161e \u010deljusti za optimalno pozicioniranje<\/li>\n<li>Izdr\u017eljiva konstrukcija za do\u017eivotnu uporabu<\/li>\n<li>Precizno izra\u0111en za matice od 1&#8243;<\/li>\n<\/ul>\n<p>Nadogradite svoj set za punjenje streljiva ovim esencijalnim alatom, dizajniranim da pode\u0161avanje matrica u\u010dini brzim i jednostavnim. Kompatibilan sa standardnim maticama za matrice od 1&#8243;, osiguravaju\u0107i maksimalnu svestranost i prakti\u010dnost.<\/p>\n<\/div>\n","protected":false},"excerpt":{"rendered":"<p>DAA 1&#8243; klju\u010d za matrice: Tanak, sna\u017ean, svestran. Jednostavan pristup za one koji ponovno pune streljivo.<\/p>\n","protected":false},"featured_media":27000,"template":"","meta":{"_acf_changed":false},"product_brand":[11260],"product_cat":[13519,13565],"product_tag":[],"class_list":{"0":"post-44970","1":"product","2":"type-product","3":"status-publish","4":"has-post-thumbnail","6":"product_brand-doublealpha","7":"product_cat-pribor-za-punjenje","8":"product_cat-punjenje-metaka","10":"first","11":"outofstock","12":"taxable","13":"shipping-taxable","14":"purchasable","15":"product-type-simple"},"acf":[],"_links":{"self":[{"href":"https:\/\/staging.nbg.eu\/hr\/wp-json\/wp\/v2\/product\/44970","targetHints":{"allow":["GET"]}}],"collection":[{"href":"https:\/\/staging.nbg.eu\/hr\/wp-json\/wp\/v2\/product"}],"about":[{"href":"https:\/\/staging.nbg.eu\/hr\/wp-json\/wp\/v2\/types\/product"}],"wp:featuredmedia":[{"embeddable":true,"href":"https:\/\/staging.nbg.eu\/hr\/wp-json\/wp\/v2\/media\/27000"}],"wp:attachment":[{"href":"https:\/\/staging.nbg.eu\/hr\/wp-json\/wp\/v2\/media?parent=44970"}],"wp:term":[{"taxonomy":"product_brand","embeddable":true,"href":"https:\/\/staging.nbg.eu\/hr\/wp-json\/wp\/v2\/product_brand?post=44970"},{"taxonomy":"product_cat","embeddable":true,"href":"https:\/\/staging.nbg.eu\/hr\/wp-json\/wp\/v2\/product_cat?post=44970"},{"taxonomy":"product_tag","embeddable":true,"href":"https:\/\/staging.nbg.eu\/hr\/wp-json\/wp\/v2\/product_tag?post=44970"}],"curies":[{"name":"wp","href":"https:\/\/api.w.org\/{rel}","templated":true}]}}