{"id":44948,"date":"2024-08-18T09:31:20","date_gmt":"2024-08-18T09:31:20","guid":{"rendered":"https:\/\/staging.nbg.eu\/product\/dillon-daa-click-adjustable-powder-knob-v2\/"},"modified":"2024-09-10T11:50:39","modified_gmt":"2024-09-10T11:50:39","slug":"dillon-daa-klik-podesivi-gumb-za-barut-v2","status":"publish","type":"product","link":"https:\/\/staging.nbg.eu\/hr\/proizvod\/dillon-daa-klik-podesivi-gumb-za-barut-v2\/","title":{"rendered":"Dillon &#8211; Daa Klik-Podesivi Gumb za Barut V2"},"content":{"rendered":"<div class=\"product-description\">\n<h2>Dillon &#8211; DAA Click-podesivi gumb za barut V2<\/h2>\n<p>Unaprijedite svoje iskustvo ponovnog punjenja metaka s DAA Click-podesivim gumbom za barut V2, pobolj\u0161anom drugom generacijom proizvoda od DAA. Ovaj precizno izra\u0111en gumb sadr\u017ei:<\/p>\n<ul>\n<li>Dvodijelnu aluminijsku konstrukciju za jednostavno sastavljanje<\/li>\n<li>32mm okrugli, strojno obra\u0111en aluminijski gumb s laserskim graviranjem<\/li>\n<li>Nazubljeni vanjski rub za bolji hvat i kontrolu<\/li>\n<li>Zvu\u010dne klikove za precizna pode\u0161avanja od 18 stupnjeva<\/li>\n<li>20 klikova po rotaciji za preciznu kontrolu punjenja baruta<\/li>\n<li>Laserski graviranu broj\u010danicu koja pokazuje pove\u0107anje\/smanjenje punjenja<\/li>\n<li>Kompatibilan s malim Dillon \u0161ipkama za punjenje (nije za velike pu\u0161\u010dane \u0161ipke za punjenje)<\/li>\n<\/ul>\n<p>Bez napora instalirajte i podesite svoje punjenje baruta s ovim elegantnim, funkcionalnim i jednostavnim gumbom. Unaprijedite svoju opremu za ponovno punjenje danas!<\/p>\n<\/div>\n","protected":false},"excerpt":{"rendered":"<p>Precizno i jednostavno za kori\u0161tenje pode\u0161avanje punjenja praha za Dillon pre\u0161e.<\/p>\n","protected":false},"featured_media":27046,"template":"","meta":{"_acf_changed":false},"product_brand":[11260],"product_cat":[13519,13565],"product_tag":[],"class_list":{"0":"post-44948","1":"product","2":"type-product","3":"status-publish","4":"has-post-thumbnail","6":"product_brand-doublealpha","7":"product_cat-pribor-za-punjenje","8":"product_cat-punjenje-metaka","10":"first","11":"outofstock","12":"taxable","13":"shipping-taxable","14":"purchasable","15":"product-type-simple"},"acf":[],"_links":{"self":[{"href":"https:\/\/staging.nbg.eu\/hr\/wp-json\/wp\/v2\/product\/44948","targetHints":{"allow":["GET"]}}],"collection":[{"href":"https:\/\/staging.nbg.eu\/hr\/wp-json\/wp\/v2\/product"}],"about":[{"href":"https:\/\/staging.nbg.eu\/hr\/wp-json\/wp\/v2\/types\/product"}],"wp:featuredmedia":[{"embeddable":true,"href":"https:\/\/staging.nbg.eu\/hr\/wp-json\/wp\/v2\/media\/27046"}],"wp:attachment":[{"href":"https:\/\/staging.nbg.eu\/hr\/wp-json\/wp\/v2\/media?parent=44948"}],"wp:term":[{"taxonomy":"product_brand","embeddable":true,"href":"https:\/\/staging.nbg.eu\/hr\/wp-json\/wp\/v2\/product_brand?post=44948"},{"taxonomy":"product_cat","embeddable":true,"href":"https:\/\/staging.nbg.eu\/hr\/wp-json\/wp\/v2\/product_cat?post=44948"},{"taxonomy":"product_tag","embeddable":true,"href":"https:\/\/staging.nbg.eu\/hr\/wp-json\/wp\/v2\/product_tag?post=44948"}],"curies":[{"name":"wp","href":"https:\/\/api.w.org\/{rel}","templated":true}]}}