{"id":44926,"date":"2024-08-18T09:31:43","date_gmt":"2024-08-18T09:31:43","guid":{"rendered":"https:\/\/staging.nbg.eu\/product\/daa-reloading-hex-key-set\/"},"modified":"2024-09-10T11:35:27","modified_gmt":"2024-09-10T11:35:27","slug":"daa-set-inbus-kljuceva-za-punjenje","status":"publish","type":"product","link":"https:\/\/staging.nbg.eu\/hr\/proizvod\/daa-set-inbus-kljuceva-za-punjenje\/","title":{"rendered":"# Daa Set Inbus Klju\u010deva za Punjenje"},"content":{"rendered":"<p>Unaprijedite svoje iskustvo punjenja streljiva s DAA setom \u0161esterokutnih klju\u010deva za punjenje. Ovaj set od 7 duga\u010dkih imbus klju\u010deva s kuglastim vrhom ima sljede\u0107e zna\u010dajke:<\/p>\n<ul>\n<li>Vrhunska kvaliteta izrade<\/li>\n<li>Svijetlo crvene vinilom oblo\u017eene dr\u0161ke za bolju vidljivost<\/li>\n<li>Savr\u0161eno za Dillon i druge pre\u0161e ameri\u010dke proizvodnje<\/li>\n<li>Veli\u010dine: 5\/64&#8243;, 3\/32&#8243;, 1\/8&#8243;, 9\/64&#8243;, 5\/32&#8243;, 3\/16&#8243;, 1\/4&#8243;<\/li>\n<\/ul>\n<p>Idealan dodatak za DAA dr\u017ea\u010d alata za pre\u0161e za punjenje streljiva.<\/p>\n","protected":false},"excerpt":{"rendered":"<p>Set od 7 imbus klju\u010deva s kuglastim zavr\u0161etkom za ameri\u010dke pre\u0161e za punjenje streljiva. Crveni vinil.<\/p>\n","protected":false},"featured_media":27138,"template":"","meta":{"_acf_changed":false},"product_brand":[11260],"product_cat":[13519,13565],"product_tag":[],"class_list":{"0":"post-44926","1":"product","2":"type-product","3":"status-publish","4":"has-post-thumbnail","6":"product_brand-doublealpha","7":"product_cat-pribor-za-punjenje","8":"product_cat-punjenje-metaka","10":"first","11":"outofstock","12":"taxable","13":"shipping-taxable","14":"purchasable","15":"product-type-simple"},"acf":[],"_links":{"self":[{"href":"https:\/\/staging.nbg.eu\/hr\/wp-json\/wp\/v2\/product\/44926","targetHints":{"allow":["GET"]}}],"collection":[{"href":"https:\/\/staging.nbg.eu\/hr\/wp-json\/wp\/v2\/product"}],"about":[{"href":"https:\/\/staging.nbg.eu\/hr\/wp-json\/wp\/v2\/types\/product"}],"wp:featuredmedia":[{"embeddable":true,"href":"https:\/\/staging.nbg.eu\/hr\/wp-json\/wp\/v2\/media\/27138"}],"wp:attachment":[{"href":"https:\/\/staging.nbg.eu\/hr\/wp-json\/wp\/v2\/media?parent=44926"}],"wp:term":[{"taxonomy":"product_brand","embeddable":true,"href":"https:\/\/staging.nbg.eu\/hr\/wp-json\/wp\/v2\/product_brand?post=44926"},{"taxonomy":"product_cat","embeddable":true,"href":"https:\/\/staging.nbg.eu\/hr\/wp-json\/wp\/v2\/product_cat?post=44926"},{"taxonomy":"product_tag","embeddable":true,"href":"https:\/\/staging.nbg.eu\/hr\/wp-json\/wp\/v2\/product_tag?post=44926"}],"curies":[{"name":"wp","href":"https:\/\/api.w.org\/{rel}","templated":true}]}}