{"id":44904,"date":"2024-08-18T09:32:43","date_gmt":"2024-08-18T09:32:43","guid":{"rendered":"https:\/\/staging.nbg.eu\/product\/daa-toolhead-led-lighting-controller-unit\/"},"modified":"2024-09-10T11:30:29","modified_gmt":"2024-09-10T11:30:29","slug":"daa-toolhead-led-rasvjeta-upravljacka-jedinica","status":"publish","type":"product","link":"https:\/\/staging.nbg.eu\/hr\/proizvod\/daa-toolhead-led-rasvjeta-upravljacka-jedinica\/","title":{"rendered":"Daa Toolhead Led Rasvjeta Upravlja\u010dka Jedinica"},"content":{"rendered":"<h2>DAA kontrolna jedinica za LED osvjetljenje glave alata<\/h2>\n<p>Osvijetlite svoj radni prostor s precizno\u0161\u0107u! Ovaj vi\u0161enamjenski kontroler napaja sva DAA LED svjetla za glave alata, od 4-LED plo\u010da do 10-LED Mark7 plo\u010da. Zna\u010dajke uklju\u010duju:<\/p>\n<ul>\n<li>Pametna elektronika za automatsku identifikaciju plo\u010de<\/li>\n<li>Kompaktan dizajn s ON\/OFF prekida\u010dem na valjak i regulatorom ja\u010dine svjetla<\/li>\n<li>30cm priklju\u010dni kabel<\/li>\n<li>\u010ci\u010dak traka za lako montiranje<\/li>\n<li>110\/220V napajanje s 2M kabelom i US\/EU utika\u010dima<\/li>\n<\/ul>\n<p>Optimizirajte svoje osvjetljenje s ovim esencijalnim dodatkom!<\/p>\n","protected":false},"excerpt":{"rendered":"<p>Svestrani LED kontroler s prigu\u0161iva\u010dem za osvjetljenje pre\u0161e za punjenje streljiva.<\/p>\n","protected":false},"featured_media":27184,"template":"","meta":{"_acf_changed":false},"product_brand":[11260],"product_cat":[13519,13565],"product_tag":[],"class_list":{"0":"post-44904","1":"product","2":"type-product","3":"status-publish","4":"has-post-thumbnail","6":"product_brand-doublealpha","7":"product_cat-pribor-za-punjenje","8":"product_cat-punjenje-metaka","10":"first","11":"outofstock","12":"taxable","13":"shipping-taxable","14":"purchasable","15":"product-type-simple"},"acf":[],"_links":{"self":[{"href":"https:\/\/staging.nbg.eu\/hr\/wp-json\/wp\/v2\/product\/44904","targetHints":{"allow":["GET"]}}],"collection":[{"href":"https:\/\/staging.nbg.eu\/hr\/wp-json\/wp\/v2\/product"}],"about":[{"href":"https:\/\/staging.nbg.eu\/hr\/wp-json\/wp\/v2\/types\/product"}],"wp:featuredmedia":[{"embeddable":true,"href":"https:\/\/staging.nbg.eu\/hr\/wp-json\/wp\/v2\/media\/27184"}],"wp:attachment":[{"href":"https:\/\/staging.nbg.eu\/hr\/wp-json\/wp\/v2\/media?parent=44904"}],"wp:term":[{"taxonomy":"product_brand","embeddable":true,"href":"https:\/\/staging.nbg.eu\/hr\/wp-json\/wp\/v2\/product_brand?post=44904"},{"taxonomy":"product_cat","embeddable":true,"href":"https:\/\/staging.nbg.eu\/hr\/wp-json\/wp\/v2\/product_cat?post=44904"},{"taxonomy":"product_tag","embeddable":true,"href":"https:\/\/staging.nbg.eu\/hr\/wp-json\/wp\/v2\/product_tag?post=44904"}],"curies":[{"name":"wp","href":"https:\/\/api.w.org\/{rel}","templated":true}]}}