{"id":44882,"date":"2024-08-18T09:33:06","date_gmt":"2024-08-18T09:33:06","guid":{"rendered":"https:\/\/staging.nbg.eu\/product\/daa-hard-case-medium-300\/"},"modified":"2024-09-10T11:26:34","modified_gmt":"2024-09-10T11:26:34","slug":"daa-tvrda-kutija-srednja-300","status":"publish","type":"product","link":"https:\/\/staging.nbg.eu\/hr\/proizvod\/daa-tvrda-kutija-srednja-300\/","title":{"rendered":"Daa Tvrda Kutija Srednja &#8211; 300"},"content":{"rendered":"<div class=\"product-description\">\n<h2>DAA Tvrdi Kov\u010deg Srednji &#8211; 300<\/h2>\n<p>IP67 certificirani DAA Tvrdi Kov\u010deg Srednji-300 nudi neusporedivu za\u0161titu za va\u0161e vatreno oru\u017eje i vrijednu opremu. Dizajniran za izdr\u017eljivost i pouzdanost, ovaj kov\u010deg je savr\u0161en za razli\u010dite primjene, uklju\u010duju\u0107i pomorstvo, fotografiju, lov i jo\u0161 mnogo toga.<\/p>\n<h3>Klju\u010dne zna\u010dajke:<\/h3>\n<ul>\n<li>Vodootporna brtva i automatski ventil za otpu\u0161tanje tlaka<\/li>\n<li>Dvostruki zatvara\u010di i rupe za lokot za sigurnost<\/li>\n<li>Sustav slaganja s me\u0111usobnim zaklju\u010davanjem<\/li>\n<li>Pick N Pluck pjenasta unutra\u0161njost za prilago\u0111enu za\u0161titu<\/li>\n<li>Dostupno u Crnoj ili Naran\u010dastoj boji<\/li>\n<\/ul>\n<h3>Specifikacije:<\/h3>\n<ul>\n<li>Vanjske dimenzije: 336 x 300 x 148 mm<\/li>\n<li>Unutarnje dimenzije: 300 x 225 x 132 mm<\/li>\n<li>Te\u017eina: 1,75 kg<\/li>\n<\/ul>\n<p>Idealan za transport vatrenog oru\u017eja, DAA Tvrdi Kov\u010deg Srednji-300 osigurava da va\u0161a vrijedna oprema ostane sigurna i za\u0161ti\u0107ena u bilo kojem okru\u017eenju.<\/p>\n<\/div>\n","protected":false},"excerpt":{"rendered":"<p>Izdr\u017eljivo IP67 ku\u0107i\u0161te za vatreno oru\u017eje. Vodootporno, otporno na pra\u0161inu i udarce.<\/p>\n","protected":false},"featured_media":27207,"template":"","meta":{"_acf_changed":false},"product_brand":[11260],"product_cat":[13536,13558],"product_tag":[],"class_list":{"0":"post-44882","1":"product","2":"type-product","3":"status-publish","4":"has-post-thumbnail","6":"product_brand-doublealpha","7":"product_cat-oprema","8":"product_cat-torbe-za-nosenje","10":"first","11":"outofstock","12":"taxable","13":"shipping-taxable","14":"purchasable","15":"product-type-simple"},"acf":[],"_links":{"self":[{"href":"https:\/\/staging.nbg.eu\/hr\/wp-json\/wp\/v2\/product\/44882","targetHints":{"allow":["GET"]}}],"collection":[{"href":"https:\/\/staging.nbg.eu\/hr\/wp-json\/wp\/v2\/product"}],"about":[{"href":"https:\/\/staging.nbg.eu\/hr\/wp-json\/wp\/v2\/types\/product"}],"wp:featuredmedia":[{"embeddable":true,"href":"https:\/\/staging.nbg.eu\/hr\/wp-json\/wp\/v2\/media\/27207"}],"wp:attachment":[{"href":"https:\/\/staging.nbg.eu\/hr\/wp-json\/wp\/v2\/media?parent=44882"}],"wp:term":[{"taxonomy":"product_brand","embeddable":true,"href":"https:\/\/staging.nbg.eu\/hr\/wp-json\/wp\/v2\/product_brand?post=44882"},{"taxonomy":"product_cat","embeddable":true,"href":"https:\/\/staging.nbg.eu\/hr\/wp-json\/wp\/v2\/product_cat?post=44882"},{"taxonomy":"product_tag","embeddable":true,"href":"https:\/\/staging.nbg.eu\/hr\/wp-json\/wp\/v2\/product_tag?post=44882"}],"curies":[{"name":"wp","href":"https:\/\/api.w.org\/{rel}","templated":true}]}}