{"id":44860,"date":"2024-08-18T09:33:23","date_gmt":"2024-08-18T09:33:23","guid":{"rendered":"https:\/\/staging.nbg.eu\/product\/daa-toolhead-led-lighting-pcb-dillon-1050-1100\/"},"modified":"2024-09-10T11:21:12","modified_gmt":"2024-09-10T11:21:12","slug":"daa-toolhead-led-rasvjeta-pcb-dillon-10501100","status":"publish","type":"product","link":"https:\/\/staging.nbg.eu\/hr\/proizvod\/daa-toolhead-led-rasvjeta-pcb-dillon-10501100\/","title":{"rendered":"Daa Toolhead Led Rasvjeta Pcb &#8211; Dillon 1050\/1100"},"content":{"rendered":"<h2>DAA LED rasvjetna PCB plo\u010da za glavu alata &#8211; Dillon 1050\/1100<\/h2>\n<p>Unaprijedite svoje iskustvo punjenja metaka s DAA LED rasvjetnom PCB plo\u010dom za glavu alata za Dillon 1050\/1100. Ova visokokvalitetna aluminijska PCB plo\u010da ima sljede\u0107e zna\u010dajke:<\/p>\n<ul>\n<li>8 svijetlih LED svjetala za savr\u0161eno osvjetljenje plo\u010de za \u010dahure<\/li>\n<li>Bijela boja za pove\u0107anu refleksiju svjetlosti<\/li>\n<li>Unaprijed postavljena obostrana ljepljiva traka za jednostavnu instalaciju<\/li>\n<li>Kompatibilna s DAA upravlja\u010dkom jedinicom (prodaje se zasebno)<\/li>\n<li>Mogu\u0107nost prigu\u0161ivanja za prilagodljivu rasvjetu<\/li>\n<\/ul>\n<p>Smanjite naprezanje o\u010diju i minimizirajte pogre\u0161ke tijekom punjenja metaka. Racionalni dizajn omogu\u0107uje isplativu postavku s vi\u0161e glava alata. Kompatibilno s Dillon CP2000 glavom alata (stanica 4 mora biti slobodna). Nadogradite svoju stanicu za punjenje metaka danas!<\/p>\n","protected":false},"excerpt":{"rendered":"<p>Svijetla LED rasvjeta za Dillon 1050\/1100 pre\u0161e za punjenje streljiva, pobolj\u0161ava vidljivost.<\/p>\n","protected":false},"featured_media":27230,"template":"","meta":{"_acf_changed":false},"product_brand":[11260],"product_cat":[13519,13565],"product_tag":[],"class_list":{"0":"post-44860","1":"product","2":"type-product","3":"status-publish","4":"has-post-thumbnail","6":"product_brand-doublealpha","7":"product_cat-pribor-za-punjenje","8":"product_cat-punjenje-metaka","10":"first","11":"outofstock","12":"taxable","13":"shipping-taxable","14":"purchasable","15":"product-type-simple"},"acf":[],"_links":{"self":[{"href":"https:\/\/staging.nbg.eu\/hr\/wp-json\/wp\/v2\/product\/44860","targetHints":{"allow":["GET"]}}],"collection":[{"href":"https:\/\/staging.nbg.eu\/hr\/wp-json\/wp\/v2\/product"}],"about":[{"href":"https:\/\/staging.nbg.eu\/hr\/wp-json\/wp\/v2\/types\/product"}],"wp:featuredmedia":[{"embeddable":true,"href":"https:\/\/staging.nbg.eu\/hr\/wp-json\/wp\/v2\/media\/27230"}],"wp:attachment":[{"href":"https:\/\/staging.nbg.eu\/hr\/wp-json\/wp\/v2\/media?parent=44860"}],"wp:term":[{"taxonomy":"product_brand","embeddable":true,"href":"https:\/\/staging.nbg.eu\/hr\/wp-json\/wp\/v2\/product_brand?post=44860"},{"taxonomy":"product_cat","embeddable":true,"href":"https:\/\/staging.nbg.eu\/hr\/wp-json\/wp\/v2\/product_cat?post=44860"},{"taxonomy":"product_tag","embeddable":true,"href":"https:\/\/staging.nbg.eu\/hr\/wp-json\/wp\/v2\/product_tag?post=44860"}],"curies":[{"name":"wp","href":"https:\/\/api.w.org\/{rel}","templated":true}]}}