{"id":44838,"date":"2024-08-18T09:33:44","date_gmt":"2024-08-18T09:33:44","guid":{"rendered":"https:\/\/staging.nbg.eu\/product\/pro-grip-lotion-2oz\/"},"modified":"2024-09-10T11:14:56","modified_gmt":"2024-09-10T11:14:56","slug":"pro-grip-losion-2oz","status":"publish","type":"product","link":"https:\/\/staging.nbg.eu\/hr\/proizvod\/pro-grip-losion-2oz\/","title":{"rendered":"Pro Grip Losion 2Oz"},"content":{"rendered":"<p>\nPobolj\u0161ajte svoje strijela\u010dke performanse s Pro Grip losionom od 2 unce. Pouzdan izbor prvaka poput Jerryja Barnharta, Todda Jarretta i Saula Kirscha, ovaj prakti\u010dno pakirani losion nadma\u0161uje kolofonij i kredu. Do\u017eivite superiorniji hvat, kontrolu oru\u017eja i br\u017ee vrijeme oporavka. Obavezna oprema za torbu svakog strijelca, Pro Grip je tajno oru\u017eje za uspjeh u akcijskom pucanju.<\/p>\n","protected":false},"excerpt":{"rendered":"<p>Pro Grip: Prvak-odobreni losion za superiorno upravljanje oru\u017ejem.<\/p>\n","protected":false},"featured_media":27276,"template":"","meta":{"_acf_changed":false},"product_brand":[11260],"product_cat":[13556,13523,13536],"product_tag":[],"class_list":{"0":"post-44838","1":"product","2":"type-product","3":"status-publish","4":"has-post-thumbnail","6":"product_brand-doublealpha","7":"product_cat-dodaci-za-futrole","8":"product_cat-futrola","9":"product_cat-oprema","11":"first","12":"instock","13":"taxable","14":"shipping-taxable","15":"purchasable","16":"product-type-simple"},"acf":[],"_links":{"self":[{"href":"https:\/\/staging.nbg.eu\/hr\/wp-json\/wp\/v2\/product\/44838","targetHints":{"allow":["GET"]}}],"collection":[{"href":"https:\/\/staging.nbg.eu\/hr\/wp-json\/wp\/v2\/product"}],"about":[{"href":"https:\/\/staging.nbg.eu\/hr\/wp-json\/wp\/v2\/types\/product"}],"wp:featuredmedia":[{"embeddable":true,"href":"https:\/\/staging.nbg.eu\/hr\/wp-json\/wp\/v2\/media\/27276"}],"wp:attachment":[{"href":"https:\/\/staging.nbg.eu\/hr\/wp-json\/wp\/v2\/media?parent=44838"}],"wp:term":[{"taxonomy":"product_brand","embeddable":true,"href":"https:\/\/staging.nbg.eu\/hr\/wp-json\/wp\/v2\/product_brand?post=44838"},{"taxonomy":"product_cat","embeddable":true,"href":"https:\/\/staging.nbg.eu\/hr\/wp-json\/wp\/v2\/product_cat?post=44838"},{"taxonomy":"product_tag","embeddable":true,"href":"https:\/\/staging.nbg.eu\/hr\/wp-json\/wp\/v2\/product_tag?post=44838"}],"curies":[{"name":"wp","href":"https:\/\/api.w.org\/{rel}","templated":true}]}}