{"id":44772,"date":"2024-08-18T09:35:34","date_gmt":"2024-08-18T09:35:34","guid":{"rendered":"https:\/\/staging.nbg.eu\/product\/mr-bulletfeeder-pro-dropper-assembly-9-38s\/"},"modified":"2024-09-10T10:58:46","modified_gmt":"2024-09-10T10:58:46","slug":"mr-bulletfeeder-pro-dropfer-sklop-938s","status":"publish","type":"product","link":"https:\/\/staging.nbg.eu\/hr\/proizvod\/mr-bulletfeeder-pro-dropfer-sklop-938s\/","title":{"rendered":"Mr. Bulletfeeder Pro Dropfer Sklop 9\/38S"},"content":{"rendered":"<p>Nadogradite svoj sustav za ponovno punjenje streljivom uz <strong>Mr. Bulletfeeder Pro Dropper Assembly 9\/38S<\/strong>. Ova pobolj\u0161ana komponenta sadr\u017ei:<\/p>\n<ul>\n<li>Pobolj\u0161anu izvedbu pogonjena gravitacijom<\/li>\n<li>Dvostruko dulji mesingani dio za pove\u0107anu te\u017einu i pouzdanost<\/li>\n<li>Potpuno \u010deli\u010dni dio matrice za dodatnu izdr\u017eljivost<\/li>\n<li>Sprje\u010dava zastoje uzrokovane napeto\u0161\u0107u opruge za dovod ili trenjem<\/li>\n<li>Dizajnirano za punjenje velikih koli\u010dina streljiva<\/li>\n<\/ul>\n<p>Do\u017eivite dosljedno i u\u010dinkovito punjenje metaka s ovim profesionalnim sklopom za doziranje.<\/p>\n","protected":false},"excerpt":{"rendered":"<p>Pobolj\u0161ani, te\u017ei ulaga\u010d za pouzdano punjenje metaka. \u010celi\u010dni dijelovi za izdr\u017eljivost.<\/p>\n","protected":false},"featured_media":27368,"template":"","meta":{"_acf_changed":false},"product_brand":[11260],"product_cat":[13519,13565],"product_tag":[],"class_list":{"0":"post-44772","1":"product","2":"type-product","3":"status-publish","4":"has-post-thumbnail","6":"product_brand-doublealpha","7":"product_cat-pribor-za-punjenje","8":"product_cat-punjenje-metaka","10":"first","11":"outofstock","12":"taxable","13":"shipping-taxable","14":"purchasable","15":"product-type-simple"},"acf":[],"_links":{"self":[{"href":"https:\/\/staging.nbg.eu\/hr\/wp-json\/wp\/v2\/product\/44772","targetHints":{"allow":["GET"]}}],"collection":[{"href":"https:\/\/staging.nbg.eu\/hr\/wp-json\/wp\/v2\/product"}],"about":[{"href":"https:\/\/staging.nbg.eu\/hr\/wp-json\/wp\/v2\/types\/product"}],"wp:featuredmedia":[{"embeddable":true,"href":"https:\/\/staging.nbg.eu\/hr\/wp-json\/wp\/v2\/media\/27368"}],"wp:attachment":[{"href":"https:\/\/staging.nbg.eu\/hr\/wp-json\/wp\/v2\/media?parent=44772"}],"wp:term":[{"taxonomy":"product_brand","embeddable":true,"href":"https:\/\/staging.nbg.eu\/hr\/wp-json\/wp\/v2\/product_brand?post=44772"},{"taxonomy":"product_cat","embeddable":true,"href":"https:\/\/staging.nbg.eu\/hr\/wp-json\/wp\/v2\/product_cat?post=44772"},{"taxonomy":"product_tag","embeddable":true,"href":"https:\/\/staging.nbg.eu\/hr\/wp-json\/wp\/v2\/product_tag?post=44772"}],"curies":[{"name":"wp","href":"https:\/\/api.w.org\/{rel}","templated":true}]}}