{"id":44724,"date":"2024-08-18T09:36:04","date_gmt":"2024-08-18T09:36:04","guid":{"rendered":"https:\/\/staging.nbg.eu\/product\/lynx-belt-buckle-roll-pins-50bag\/"},"modified":"2024-09-10T09:19:12","modified_gmt":"2024-09-10T09:19:12","slug":"lynx-remen-kopca-valjkasti-iglice-50-vreca","status":"publish","type":"product","link":"https:\/\/staging.nbg.eu\/hr\/proizvod\/lynx-remen-kopca-valjkasti-iglice-50-vreca\/","title":{"rendered":"Lynx Remen Kop\u010da Valjkasti Iglice (50 Vre\u0107a)"},"content":{"rendered":"<p>\nZamjenski valjkasti klinovi za Lynx kop\u010de remena. Pakiranje od 50 klinova. Neophodni za sastavljanje i popravak Lynx remena. Osiguravaju \u010dvrsto prijanjanje va\u0161e Lynx kop\u010de.<\/p>\n","protected":false},"excerpt":{"rendered":"<p>Lynx zatici za kop\u010de remena (50 komada u vre\u0107ici): Dodatni zatici za va\u0161e Lynx remene.<\/p>\n","protected":false},"featured_media":27437,"template":"","meta":{"_acf_changed":false},"product_brand":[11260],"product_cat":[13536,13539],"product_tag":[],"class_list":{"0":"post-44724","1":"product","2":"type-product","3":"status-publish","4":"has-post-thumbnail","6":"product_brand-doublealpha","7":"product_cat-oprema","8":"product_cat-sportski-pojasevi","10":"first","11":"instock","12":"taxable","13":"shipping-taxable","14":"purchasable","15":"product-type-simple"},"acf":[],"_links":{"self":[{"href":"https:\/\/staging.nbg.eu\/hr\/wp-json\/wp\/v2\/product\/44724","targetHints":{"allow":["GET"]}}],"collection":[{"href":"https:\/\/staging.nbg.eu\/hr\/wp-json\/wp\/v2\/product"}],"about":[{"href":"https:\/\/staging.nbg.eu\/hr\/wp-json\/wp\/v2\/types\/product"}],"wp:featuredmedia":[{"embeddable":true,"href":"https:\/\/staging.nbg.eu\/hr\/wp-json\/wp\/v2\/media\/27437"}],"wp:attachment":[{"href":"https:\/\/staging.nbg.eu\/hr\/wp-json\/wp\/v2\/media?parent=44724"}],"wp:term":[{"taxonomy":"product_brand","embeddable":true,"href":"https:\/\/staging.nbg.eu\/hr\/wp-json\/wp\/v2\/product_brand?post=44724"},{"taxonomy":"product_cat","embeddable":true,"href":"https:\/\/staging.nbg.eu\/hr\/wp-json\/wp\/v2\/product_cat?post=44724"},{"taxonomy":"product_tag","embeddable":true,"href":"https:\/\/staging.nbg.eu\/hr\/wp-json\/wp\/v2\/product_tag?post=44724"}],"curies":[{"name":"wp","href":"https:\/\/api.w.org\/{rel}","templated":true}]}}