{"id":44658,"date":"2024-08-18T09:37:01","date_gmt":"2024-08-18T09:37:01","guid":{"rendered":"https:\/\/staging.nbg.eu\/product\/daa-carry-it-all-cia-backpack\/"},"modified":"2024-09-10T09:08:19","modified_gmt":"2024-09-10T09:08:19","slug":"daa-carry-it-all-cia-ruksak","status":"publish","type":"product","link":"https:\/\/staging.nbg.eu\/hr\/proizvod\/daa-carry-it-all-cia-ruksak\/","title":{"rendered":"Daa Carry It All (Cia) Ruksak"},"content":{"rendered":"<h2>DAA Carry It All (CIA) Ruksak<\/h2>\n<p>Ultimativni pratitelj za streljanu za predane IPSC strijelce, Double-Alpha CIA ruksak dizajniran je da zadovolji i prema\u0161i va\u0161a o\u010dekivanja.<\/p>\n<h2>Klju\u010dne zna\u010dajke:<\/h2>\n<ul>\n<li>Izdr\u017eljivi D600 Cordura materijal s vodoodbojnim svojstvima<\/li>\n<li>Dno oblo\u017eeno Hypalonom za dodatnu za\u0161titu<\/li>\n<li>Unutra\u0161njost oblo\u017eena \u010di\u010dak trakom za prilagodljivu pohranu<\/li>\n<li>Uklonjiva sredi\u0161nja pregrada<\/li>\n<li>Prostrani gornji prednji d\u017eep za za\u0161titu sluha<\/li>\n<li>Vanjska \u010di\u010dak plo\u010da za personalizaciju<\/li>\n<li>MOLLE trake za dodatne priklju\u010dke<\/li>\n<li>Udobne, odvojive naramenice<\/li>\n<li>Ergonomski dizajn za optimalnu raspodjelu te\u017eine<\/li>\n<\/ul>\n<h2>Specifikacije:<\/h2>\n<ul>\n<li>Dimenzije: 42\u0160 x 27D x 56V cm<\/li>\n<li>Kapacitet: Pribli\u017eno 37L<\/li>\n<li>Te\u017eina: 2,8 kg<\/li>\n<li>Boja: Crna<\/li>\n<\/ul>\n<p>Do\u017eivite savr\u0161enu kombinaciju izdr\u017eljivosti, funkcionalnosti i udobnosti s DAA CIA ruksakom \u2013 va\u0161om klju\u010dnom opremom za godine pouzdane usluge na streljani.<\/p>\n","protected":false},"excerpt":{"rendered":"<p>DAA CIA ruksak: Izdr\u017eljiva, vi\u0161enamjenska torba za streli\u0161te namijenjena IPSC strijelcima.<\/p>\n","protected":false},"featured_media":27759,"template":"","meta":{"_acf_changed":false},"product_brand":[11260],"product_cat":[13536,13582],"product_tag":[],"class_list":{"0":"post-44658","1":"product","2":"type-product","3":"status-publish","4":"has-post-thumbnail","6":"product_brand-doublealpha","7":"product_cat-oprema","8":"product_cat-torbe-za-streljanu","10":"first","11":"outofstock","12":"taxable","13":"shipping-taxable","14":"purchasable","15":"product-type-simple"},"acf":[],"_links":{"self":[{"href":"https:\/\/staging.nbg.eu\/hr\/wp-json\/wp\/v2\/product\/44658","targetHints":{"allow":["GET"]}}],"collection":[{"href":"https:\/\/staging.nbg.eu\/hr\/wp-json\/wp\/v2\/product"}],"about":[{"href":"https:\/\/staging.nbg.eu\/hr\/wp-json\/wp\/v2\/types\/product"}],"wp:featuredmedia":[{"embeddable":true,"href":"https:\/\/staging.nbg.eu\/hr\/wp-json\/wp\/v2\/media\/27759"}],"wp:attachment":[{"href":"https:\/\/staging.nbg.eu\/hr\/wp-json\/wp\/v2\/media?parent=44658"}],"wp:term":[{"taxonomy":"product_brand","embeddable":true,"href":"https:\/\/staging.nbg.eu\/hr\/wp-json\/wp\/v2\/product_brand?post=44658"},{"taxonomy":"product_cat","embeddable":true,"href":"https:\/\/staging.nbg.eu\/hr\/wp-json\/wp\/v2\/product_cat?post=44658"},{"taxonomy":"product_tag","embeddable":true,"href":"https:\/\/staging.nbg.eu\/hr\/wp-json\/wp\/v2\/product_tag?post=44658"}],"curies":[{"name":"wp","href":"https:\/\/api.w.org\/{rel}","templated":true}]}}