{"id":44636,"date":"2024-08-18T09:37:34","date_gmt":"2024-09-10T09:02:49","guid":{"rendered":"https:\/\/staging.nbg.eu\/product\/flex-holster-spare-slide-lock-teeth-set\/"},"modified":"2024-09-10T09:03:24","modified_gmt":"2024-09-10T09:03:24","slug":"flex-holster-rezervni-set-zubaca-za-slide-lock","status":"publish","type":"product","link":"https:\/\/staging.nbg.eu\/hr\/proizvod\/flex-holster-rezervni-set-zubaca-za-slide-lock\/","title":{"rendered":"Flex Holster &#8211; Rezervni Set Zubaca za Slide-Lock"},"content":{"rendered":"<div class=\"product-description\">\n<h2>Flex Holster &#8211; Set rezervnih zubaca za klizni zatvara\u010d<\/h2>\n<p>Pobolj\u0161ajte svoj Flex holster s ovim zamjenskim setom crvenih zubaca za klizni zatvara\u010d. Kompatibilan s umetcima tipa A i B, ovaj komplet uklju\u010duje:<\/p>\n<ul>\n<li>Crvene zupce za klizni zatvara\u010d<\/li>\n<li>Materijal za monta\u017eu (vijci i matice)<\/li>\n<\/ul>\n<p>Jednostavno nadogradite ili zamijenite postoje\u0107e zupce za optimalne performanse i sigurno pristajanje.<\/p>\n<\/div>\n","protected":false},"excerpt":{"rendered":"<p>Zamjenske crvene klizne zup\u010daste kop\u010de za Flex futrolu, s pripadaju\u0107im hardverom.<\/p>\n","protected":false},"featured_media":30492,"template":"","meta":{"_acf_changed":false},"product_brand":[11260],"product_cat":[13556,13523,13561],"product_tag":[],"class_list":{"0":"post-44636","1":"product","2":"type-product","3":"status-publish","4":"has-post-thumbnail","6":"product_brand-doublealpha","7":"product_cat-dodaci-za-futrole","8":"product_cat-futrola","9":"product_cat-sportska-futrola","11":"first","12":"instock","13":"taxable","14":"shipping-taxable","15":"purchasable","16":"product-type-simple"},"acf":[],"_links":{"self":[{"href":"https:\/\/staging.nbg.eu\/hr\/wp-json\/wp\/v2\/product\/44636","targetHints":{"allow":["GET"]}}],"collection":[{"href":"https:\/\/staging.nbg.eu\/hr\/wp-json\/wp\/v2\/product"}],"about":[{"href":"https:\/\/staging.nbg.eu\/hr\/wp-json\/wp\/v2\/types\/product"}],"wp:featuredmedia":[{"embeddable":true,"href":"https:\/\/staging.nbg.eu\/hr\/wp-json\/wp\/v2\/media\/30492"}],"wp:attachment":[{"href":"https:\/\/staging.nbg.eu\/hr\/wp-json\/wp\/v2\/media?parent=44636"}],"wp:term":[{"taxonomy":"product_brand","embeddable":true,"href":"https:\/\/staging.nbg.eu\/hr\/wp-json\/wp\/v2\/product_brand?post=44636"},{"taxonomy":"product_cat","embeddable":true,"href":"https:\/\/staging.nbg.eu\/hr\/wp-json\/wp\/v2\/product_cat?post=44636"},{"taxonomy":"product_tag","embeddable":true,"href":"https:\/\/staging.nbg.eu\/hr\/wp-json\/wp\/v2\/product_tag?post=44636"}],"curies":[{"name":"wp","href":"https:\/\/api.w.org\/{rel}","templated":true}]}}