{"id":44614,"date":"2024-08-18T09:37:54","date_gmt":"2024-08-18T09:37:54","guid":{"rendered":"https:\/\/staging.nbg.eu\/product\/daa-primer-pickup-tubes-5-pack-small\/"},"modified":"2024-09-10T08:58:31","modified_gmt":"2024-09-10T08:58:31","slug":"daa-cijevi-za-prikupljanje-primera-5-pak-mali","status":"publish","type":"product","link":"https:\/\/staging.nbg.eu\/hr\/proizvod\/daa-cijevi-za-prikupljanje-primera-5-pak-mali\/","title":{"rendered":"Daa Cijevi za Prikupljanje Primera, 5-Pak, Mali"},"content":{"rendered":"<div class=\"product-description\">\n<h2>DAA Cjev\u010dice za podizanje inicijalnih kapsula, 5 komada, male<\/h2>\n<p>Unaprijedite svoje iskustvo ponovnog punjenja s DAA cjev\u010dicama za podizanje inicijalnih kapsula. Izra\u0111ene od prvoklasnog aluminija pomo\u0107u prilago\u0111enih alata za ekstrudiranje, ove cjev\u010dice nude nenadma\u0161nu preciznost i zavr\u0161nu obradu. Crvena anodizirana zavr\u0161na obrada za male inicijalne kapsule osigurava laku identifikaciju i dodaje elegantan izgled.<\/p>\n<ul>\n<li>Ergonomski kraj za podizanje sa \u0161irim podru\u010djem za podr\u0161ku prstima sprje\u010dava umor ruku<\/li>\n<li>Redizajnirani vrh s dvostrukim zubima za sigurno dr\u017eanje inicijalne kapsule<\/li>\n<li>Prozirni krajnji dijelovi za laku vidljivost inicijalnih kapsula<\/li>\n<li>\u010cvrsto prianjaju\u0107i krajevi sprje\u010davaju slu\u010dajno odvajanje<\/li>\n<li>Dosljedna unutarnja i vanjska obrada rubova za optimalno punjenje<\/li>\n<\/ul>\n<p>Do\u017eivite udobnost i u\u010dinkovitost DAA cjev\u010dica za podizanje inicijalnih kapsula u svom procesu ponovnog punjenja. Nadogradite svoju opremu danas!<\/p>\n<\/div>\n","protected":false},"excerpt":{"rendered":"<p>DAA cijevi za podizanje kapsula: pakiranje od 5 komada, male, crveno anodizirani aluminij, ergonomski dizajn.<\/p>\n","protected":false},"featured_media":28035,"template":"","meta":{"_acf_changed":false},"product_brand":[11260],"product_cat":[13519,13565],"product_tag":[],"class_list":{"0":"post-44614","1":"product","2":"type-product","3":"status-publish","4":"has-post-thumbnail","6":"product_brand-doublealpha","7":"product_cat-pribor-za-punjenje","8":"product_cat-punjenje-metaka","10":"first","11":"outofstock","12":"taxable","13":"shipping-taxable","14":"purchasable","15":"product-type-simple"},"acf":[],"_links":{"self":[{"href":"https:\/\/staging.nbg.eu\/hr\/wp-json\/wp\/v2\/product\/44614","targetHints":{"allow":["GET"]}}],"collection":[{"href":"https:\/\/staging.nbg.eu\/hr\/wp-json\/wp\/v2\/product"}],"about":[{"href":"https:\/\/staging.nbg.eu\/hr\/wp-json\/wp\/v2\/types\/product"}],"wp:featuredmedia":[{"embeddable":true,"href":"https:\/\/staging.nbg.eu\/hr\/wp-json\/wp\/v2\/media\/28035"}],"wp:attachment":[{"href":"https:\/\/staging.nbg.eu\/hr\/wp-json\/wp\/v2\/media?parent=44614"}],"wp:term":[{"taxonomy":"product_brand","embeddable":true,"href":"https:\/\/staging.nbg.eu\/hr\/wp-json\/wp\/v2\/product_brand?post=44614"},{"taxonomy":"product_cat","embeddable":true,"href":"https:\/\/staging.nbg.eu\/hr\/wp-json\/wp\/v2\/product_cat?post=44614"},{"taxonomy":"product_tag","embeddable":true,"href":"https:\/\/staging.nbg.eu\/hr\/wp-json\/wp\/v2\/product_tag?post=44614"}],"curies":[{"name":"wp","href":"https:\/\/api.w.org\/{rel}","templated":true}]}}