{"id":44592,"date":"2024-08-18T09:38:23","date_gmt":"2024-09-10T08:53:03","guid":{"rendered":"https:\/\/staging.nbg.eu\/product\/flex-alpha-x-racer-x-extended-ball-joint-rod\/"},"modified":"2024-09-10T08:53:35","modified_gmt":"2024-09-10T08:53:35","slug":"flex-alpha-x-racer-x-produzena-sipka-sa-kuglastim-zglobom","status":"publish","type":"product","link":"https:\/\/staging.nbg.eu\/hr\/proizvod\/flex-alpha-x-racer-x-produzena-sipka-sa-kuglastim-zglobom\/","title":{"rendered":"Flex \/ Alpha-X \/ Racer-X Produ\u017eena \u0160ipka sa Kuglastim Zglobom"},"content":{"rendered":"<p><strong>Flex \/ Alpha-X \/ Racer-X produ\u017eena \u0161ipka s kuglastim zglobom<\/strong> je prilago\u0111eno rje\u0161enje za strijelce koji preferiraju da im je pi\u0161tolj postavljen dalje od tijela ili pojasa. Ovaj dodatak produ\u017euje vrat kuglastog zgloba za 8 mm, pru\u017eaju\u0107i:<\/p>\n<ul>\n<li>Pove\u0107anu udaljenost izme\u0111u futrole i nosa\u010da<\/li>\n<li>Pobolj\u0161anu prilagodljivost za osobnu udobnost<\/li>\n<li>Ve\u0107u slobodu u kutu i pozicioniranju pi\u0161tolja<\/li>\n<\/ul>\n<p>Idealno za strijelce razli\u010ditih tjelesnih gra\u0111a ili specifi\u010dnih preferencija no\u0161enja, ova \u0161ipka nudi savr\u0161enu ravnote\u017eu izme\u0111u dostupnosti i udobnosti.<\/p>\n","protected":false},"excerpt":{"rendered":"<p>Produljite udaljenost futrole s prilago\u0111enom 8 mm \u0161ipkom s kuglastim zglobom.<\/p>\n","protected":false},"featured_media":28104,"template":"","meta":{"_acf_changed":false},"product_brand":[11260],"product_cat":[13556,13523,13561],"product_tag":[],"class_list":{"0":"post-44592","1":"product","2":"type-product","3":"status-publish","4":"has-post-thumbnail","6":"product_brand-doublealpha","7":"product_cat-dodaci-za-futrole","8":"product_cat-futrola","9":"product_cat-sportska-futrola","11":"first","12":"instock","13":"taxable","14":"shipping-taxable","15":"purchasable","16":"product-type-simple"},"acf":[],"_links":{"self":[{"href":"https:\/\/staging.nbg.eu\/hr\/wp-json\/wp\/v2\/product\/44592","targetHints":{"allow":["GET"]}}],"collection":[{"href":"https:\/\/staging.nbg.eu\/hr\/wp-json\/wp\/v2\/product"}],"about":[{"href":"https:\/\/staging.nbg.eu\/hr\/wp-json\/wp\/v2\/types\/product"}],"wp:featuredmedia":[{"embeddable":true,"href":"https:\/\/staging.nbg.eu\/hr\/wp-json\/wp\/v2\/media\/28104"}],"wp:attachment":[{"href":"https:\/\/staging.nbg.eu\/hr\/wp-json\/wp\/v2\/media?parent=44592"}],"wp:term":[{"taxonomy":"product_brand","embeddable":true,"href":"https:\/\/staging.nbg.eu\/hr\/wp-json\/wp\/v2\/product_brand?post=44592"},{"taxonomy":"product_cat","embeddable":true,"href":"https:\/\/staging.nbg.eu\/hr\/wp-json\/wp\/v2\/product_cat?post=44592"},{"taxonomy":"product_tag","embeddable":true,"href":"https:\/\/staging.nbg.eu\/hr\/wp-json\/wp\/v2\/product_tag?post=44592"}],"curies":[{"name":"wp","href":"https:\/\/api.w.org\/{rel}","templated":true}]}}