{"id":44560,"date":"2024-08-18T09:38:38","date_gmt":"2024-08-18T09:38:38","guid":{"rendered":"https:\/\/staging.nbg.eu\/product\/daa-primer-pro-collator-small-primer\/"},"modified":"2024-09-10T08:46:48","modified_gmt":"2024-09-10T08:46:48","slug":"daa-primer-pro-razvrstac-mali-primer","status":"publish","type":"product","link":"https:\/\/staging.nbg.eu\/hr\/proizvod\/daa-primer-pro-razvrstac-mali-primer\/","title":{"rendered":"Daa Primer-Pro Razvrsta\u010d Mali Primer"},"content":{"rendered":"<h2>Daa Primer-Pro sortira\u010d za male inicijalne kapisle<\/h2>\n<p>Revolucionirajte svoj proces ponovnog punjenja s PRIMER-PRO ure\u0111ajem tvrtke Double-Alpha! Ovaj inovativni ure\u0111aj s patentom u postupku nudi jedinstveno rje\u0161enje za rukovanje malim pu\u0161\u010danim i pi\u0161toljskim inicijalnim kapislama.<\/p>\n<ul>\n<li>U\u010dinkovit dizajn sortira\u010da s 20 precizno oblikovanih kanala<\/li>\n<li>Pouzdan sustav odbacivanja osigurava pravilnu orijentaciju inicijalnih kapisli<\/li>\n<li>Opti\u010dki senzor broji inicijalne kapisle i zaustavlja se na 100<\/li>\n<li>Inteligentno sprje\u010davanje zaglavljivanja i jednostavno rje\u0161avanje problema<\/li>\n<li>Inovativna izlazna aktuatorska ruka za glatko postavljanje inicijalnih kapisli<\/li>\n<li>Uklju\u010duje jedan magnetski ovratnik za Dillon cjev\u010dicu za inicijalne kapisle<\/li>\n<li>12V DC napajanje s US\/EU adapterima i 2m kabela<\/li>\n<\/ul>\n<p>Napomena: Cjev\u010dica za inicijalne kapisle nije uklju\u010dena. Dodatni magnetski ovratnici dostupni su zasebno.<\/p>\n","protected":false},"excerpt":{"rendered":"<p>U\u010dinkovit, pouzdan mali ure\u0111aj za slaganje upalja\u010da za brzo punjenje streljiva.<\/p>\n","protected":false},"featured_media":28196,"template":"","meta":{"_acf_changed":false},"product_brand":[11260],"product_cat":[13565,13537],"product_tag":[],"class_list":{"0":"post-44560","1":"product","2":"type-product","3":"status-publish","4":"has-post-thumbnail","6":"product_brand-doublealpha","7":"product_cat-punjenje-metaka","8":"product_cat-strojevi-za-punjenje","10":"first","11":"outofstock","12":"taxable","13":"shipping-taxable","14":"purchasable","15":"product-type-simple"},"acf":[],"_links":{"self":[{"href":"https:\/\/staging.nbg.eu\/hr\/wp-json\/wp\/v2\/product\/44560","targetHints":{"allow":["GET"]}}],"collection":[{"href":"https:\/\/staging.nbg.eu\/hr\/wp-json\/wp\/v2\/product"}],"about":[{"href":"https:\/\/staging.nbg.eu\/hr\/wp-json\/wp\/v2\/types\/product"}],"wp:featuredmedia":[{"embeddable":true,"href":"https:\/\/staging.nbg.eu\/hr\/wp-json\/wp\/v2\/media\/28196"}],"wp:attachment":[{"href":"https:\/\/staging.nbg.eu\/hr\/wp-json\/wp\/v2\/media?parent=44560"}],"wp:term":[{"taxonomy":"product_brand","embeddable":true,"href":"https:\/\/staging.nbg.eu\/hr\/wp-json\/wp\/v2\/product_brand?post=44560"},{"taxonomy":"product_cat","embeddable":true,"href":"https:\/\/staging.nbg.eu\/hr\/wp-json\/wp\/v2\/product_cat?post=44560"},{"taxonomy":"product_tag","embeddable":true,"href":"https:\/\/staging.nbg.eu\/hr\/wp-json\/wp\/v2\/product_tag?post=44560"}],"curies":[{"name":"wp","href":"https:\/\/api.w.org\/{rel}","templated":true}]}}