{"id":44536,"date":"2024-08-18T09:38:53","date_gmt":"2024-08-18T09:38:53","guid":{"rendered":"https:\/\/staging.nbg.eu\/product\/alpha-xi-pouch-without-inlay\/"},"modified":"2024-09-10T08:39:20","modified_gmt":"2024-09-10T08:39:20","slug":"alpha-xi-torbica-bez-uloska","status":"publish","type":"product","link":"https:\/\/staging.nbg.eu\/hr\/proizvod\/alpha-xi-torbica-bez-uloska\/","title":{"rendered":"Alpha-Xi Torbica Bez Ulo\u0161ka"},"content":{"rendered":"<h2>Alpha-Xi torbica bez ulo\u0161ka &#8211; Zavr\u0161ni proizvod<\/h2>\n<p>Predstavljamo Alpha-Xi torbicu za spremnik, revolucionarni dizajn u takti\u010dkoj opremi. Ova torbica ima sljede\u0107e zna\u010dajke:<\/p>\n<ul>\n<li>Pobolj\u0161ana izdr\u017eljivost s prilago\u0111enim vijkom sa \u0161irokom glavom<\/li>\n<li>8 vi\u0161enamjenskih to\u010daka spajanja za optimalno pozicioniranje<\/li>\n<li>Tri opcije visine za strijelce koji koriste desnu i lijevu ruku<\/li>\n<li>Dvije opcije visine za monta\u017eu s metcima prema van<\/li>\n<li>Klju\u010d-sjedi\u0161te spoj za \u010dvrstu stabilnost<\/li>\n<\/ul>\n<p>Pobolj\u0161ani kugli\u010dni zglob Alpha-Xi torbice osigurava neusporedivu \u010dvrsto\u0107u, \u010dak i u intenzivnim uvjetima. Bez obzira le\u017eite li ili savladavate prepreke, ova torbica je dorasla izazovu. Do\u017eivite sljede\u0107u razinu no\u0161enja spremnika s Alpha-Xi torbicom &#8211; izdr\u017eljivost i fleksibilnost nanovo definirani.<\/p>\n<p><strong>Napomena:<\/strong> Ova verzija ne uklju\u010duje ulo\u017eak.<\/p>\n","protected":false},"excerpt":{"rendered":"<p>Izdr\u017eljiv spremnik za okvire s naprednim kuglastim zglobnim dr\u017ea\u010dem za pojas.<\/p>\n","protected":false},"featured_media":28265,"template":"","meta":{"_acf_changed":false},"product_brand":[11260],"product_cat":[13512,13523,13536,13561,13527],"product_tag":[],"class_list":{"0":"post-44536","1":"product","2":"type-product","3":"status-publish","4":"has-post-thumbnail","6":"product_brand-doublealpha","7":"product_cat-drzaci-spremnika","8":"product_cat-futrola","9":"product_cat-oprema","10":"product_cat-sportska-futrola","11":"product_cat-torbice","13":"first","14":"instock","15":"taxable","16":"shipping-taxable","17":"purchasable","18":"product-type-simple"},"acf":[],"_links":{"self":[{"href":"https:\/\/staging.nbg.eu\/hr\/wp-json\/wp\/v2\/product\/44536","targetHints":{"allow":["GET"]}}],"collection":[{"href":"https:\/\/staging.nbg.eu\/hr\/wp-json\/wp\/v2\/product"}],"about":[{"href":"https:\/\/staging.nbg.eu\/hr\/wp-json\/wp\/v2\/types\/product"}],"wp:featuredmedia":[{"embeddable":true,"href":"https:\/\/staging.nbg.eu\/hr\/wp-json\/wp\/v2\/media\/28265"}],"wp:attachment":[{"href":"https:\/\/staging.nbg.eu\/hr\/wp-json\/wp\/v2\/media?parent=44536"}],"wp:term":[{"taxonomy":"product_brand","embeddable":true,"href":"https:\/\/staging.nbg.eu\/hr\/wp-json\/wp\/v2\/product_brand?post=44536"},{"taxonomy":"product_cat","embeddable":true,"href":"https:\/\/staging.nbg.eu\/hr\/wp-json\/wp\/v2\/product_cat?post=44536"},{"taxonomy":"product_tag","embeddable":true,"href":"https:\/\/staging.nbg.eu\/hr\/wp-json\/wp\/v2\/product_tag?post=44536"}],"curies":[{"name":"wp","href":"https:\/\/api.w.org\/{rel}","templated":true}]}}