{"id":44514,"date":"2024-08-18T09:39:07","date_gmt":"2024-08-18T09:39:07","guid":{"rendered":"https:\/\/staging.nbg.eu\/product\/daa-pcc-magzine-pouch-type-glock\/"},"modified":"2024-09-10T08:33:05","modified_gmt":"2024-09-10T08:33:05","slug":"daa-pcc-torbica-za-spremnik-tip-glock","status":"publish","type":"product","link":"https:\/\/staging.nbg.eu\/hr\/proizvod\/daa-pcc-torbica-za-spremnik-tip-glock\/","title":{"rendered":"Daa Pcc Torbica za Spremnik &#8211; Tip Glock"},"content":{"rendered":"<h2>DAA PCC dr\u017ea\u010d za spremnike &#8211; Tip Glock<\/h2>\n<p>Unaprijedite svoju Pistol Caliber Carbine (PCC) igru s DAA PCC dr\u017ea\u010dem za spremnike, posebno dizajniranim za Glock spremnike. Ovaj po mjeri izra\u0111en dr\u017ea\u010d odgovara na jedinstvene izazove IPSC i USPSA natjecanja.<\/p>\n<ul>\n<li>\u010cvrsta konstrukcija od najlona oja\u010danog vlaknima<\/li>\n<li>Ekstra dugi dizajn (12cm\/4.75&#8243;) za sigurno dr\u017eanje spremnika od 40-50 metaka<\/li>\n<li>Podesiva sila zadr\u017eavanja pomo\u0107u dva vijka<\/li>\n<li>Prednji izrezani prozor za br\u017ee izvla\u010denje<\/li>\n<li>Zako\u0161eni gornji rub za br\u017ee punjenje<\/li>\n<li>Ambidekstralni dizajn s vi\u0161e pozicija visine<\/li>\n<li>Veliki kuglasti zglob za pri\u010dvr\u0161\u0107ivanje za dugotrajnost<\/li>\n<li>Dr\u017ei spremnike s mecima okrenutim prema natrag za punjenje &#8220;\u0161akom&#8221;<\/li>\n<\/ul>\n<p>Optimizirajte svoje PCC performanse s ovim namjenski izra\u0111enim dr\u017ea\u010dem za spremnike od Double-Alpha.<\/p>\n","protected":false},"excerpt":{"rendered":"<p>PCC spremnik za Glock: Po mjeri, siguran, brzo ponovno punjenje.<\/p>\n","protected":false},"featured_media":28403,"template":"","meta":{"_acf_changed":false},"product_brand":[11260],"product_cat":[13512,13536,13561,13527],"product_tag":[],"class_list":{"0":"post-44514","1":"product","2":"type-product","3":"status-publish","4":"has-post-thumbnail","6":"product_brand-doublealpha","7":"product_cat-drzaci-spremnika","8":"product_cat-oprema","9":"product_cat-sportska-futrola","10":"product_cat-torbice","12":"first","13":"outofstock","14":"taxable","15":"shipping-taxable","16":"purchasable","17":"product-type-simple"},"acf":[],"_links":{"self":[{"href":"https:\/\/staging.nbg.eu\/hr\/wp-json\/wp\/v2\/product\/44514","targetHints":{"allow":["GET"]}}],"collection":[{"href":"https:\/\/staging.nbg.eu\/hr\/wp-json\/wp\/v2\/product"}],"about":[{"href":"https:\/\/staging.nbg.eu\/hr\/wp-json\/wp\/v2\/types\/product"}],"wp:featuredmedia":[{"embeddable":true,"href":"https:\/\/staging.nbg.eu\/hr\/wp-json\/wp\/v2\/media\/28403"}],"wp:attachment":[{"href":"https:\/\/staging.nbg.eu\/hr\/wp-json\/wp\/v2\/media?parent=44514"}],"wp:term":[{"taxonomy":"product_brand","embeddable":true,"href":"https:\/\/staging.nbg.eu\/hr\/wp-json\/wp\/v2\/product_brand?post=44514"},{"taxonomy":"product_cat","embeddable":true,"href":"https:\/\/staging.nbg.eu\/hr\/wp-json\/wp\/v2\/product_cat?post=44514"},{"taxonomy":"product_tag","embeddable":true,"href":"https:\/\/staging.nbg.eu\/hr\/wp-json\/wp\/v2\/product_tag?post=44514"}],"curies":[{"name":"wp","href":"https:\/\/api.w.org\/{rel}","templated":true}]}}