{"id":44491,"date":"2024-08-18T09:39:25","date_gmt":"2024-08-18T09:39:25","guid":{"rendered":"https:\/\/staging.nbg.eu\/product\/corn-cob-media-4kg\/"},"modified":"2024-09-10T08:25:59","modified_gmt":"2024-09-10T08:25:59","slug":"kukuruzni-klip-srednji-4kg","status":"publish","type":"product","link":"https:\/\/staging.nbg.eu\/hr\/proizvod\/kukuruzni-klip-srednji-4kg\/","title":{"rendered":"Kukuruzni Klip Srednji 4Kg"},"content":{"rendered":"<h2>Kukuruzni oklasak medij 4Kg<\/h2>\n<p>Unaprijedite svoje \u010di\u0161\u0107enje mesinga s na\u0161im premium 4kg medijem od kukuruznog oklaska. Ovaj visokokvalitetni medij dizajniran je za:<\/p>\n<ul>\n<li>Uklanjanje pijeska, prljav\u0161tine i ostataka baruta s va\u0161ih \u010dahura<\/li>\n<li>Postizanje prekrasnog sjaja va\u0161eg mesinga<\/li>\n<li>\u010ci\u0161\u0107enje \u010dak i najmanjih udubina rubova \u010dahura i le\u017ei\u0161ta kapisle<\/li>\n<\/ul>\n<p>Savr\u0161en za uporabu u malim do srednjim bubnjevima i vibratorima, na\u0161 medij sitnog zrna osigurava temeljito \u010di\u0161\u0107enje va\u0161ih mesinganih \u010dahura. Koli\u010dina od 4kg omogu\u0107uje vi\u0161estruku upotrebu, pru\u017eaju\u0107i odli\u010dnu vrijednost za novac.<\/p>\n<p>Iako se ovaj medij mo\u017ee koristiti vi\u0161e puta, preporu\u010dujemo povremenu zamjenu kako biste odr\u017eali optimalne rezultate \u010di\u0161\u0107enja. Ulo\u017eite u na\u0161 medij od kukuruznog oklaska danas i do\u017eivite razliku u svom procesu ponovnog punjenja!<\/p>\n","protected":false},"excerpt":{"rendered":"<p>4 kg kukuruzne krupice: \u010cisti i polira \u010dahure od mjedi, vi\u0161ekratno upotrebljivo.<\/p>\n","protected":false},"featured_media":28564,"template":"","meta":{"_acf_changed":false},"product_brand":[],"product_cat":[13563,13565],"product_tag":[],"class_list":{"0":"post-44491","1":"product","2":"type-product","3":"status-publish","4":"has-post-thumbnail","6":"product_cat-priprema-cahura","7":"product_cat-punjenje-metaka","9":"first","10":"outofstock","11":"taxable","12":"shipping-taxable","13":"purchasable","14":"product-type-simple"},"acf":[],"_links":{"self":[{"href":"https:\/\/staging.nbg.eu\/hr\/wp-json\/wp\/v2\/product\/44491","targetHints":{"allow":["GET"]}}],"collection":[{"href":"https:\/\/staging.nbg.eu\/hr\/wp-json\/wp\/v2\/product"}],"about":[{"href":"https:\/\/staging.nbg.eu\/hr\/wp-json\/wp\/v2\/types\/product"}],"wp:featuredmedia":[{"embeddable":true,"href":"https:\/\/staging.nbg.eu\/hr\/wp-json\/wp\/v2\/media\/28564"}],"wp:attachment":[{"href":"https:\/\/staging.nbg.eu\/hr\/wp-json\/wp\/v2\/media?parent=44491"}],"wp:term":[{"taxonomy":"product_brand","embeddable":true,"href":"https:\/\/staging.nbg.eu\/hr\/wp-json\/wp\/v2\/product_brand?post=44491"},{"taxonomy":"product_cat","embeddable":true,"href":"https:\/\/staging.nbg.eu\/hr\/wp-json\/wp\/v2\/product_cat?post=44491"},{"taxonomy":"product_tag","embeddable":true,"href":"https:\/\/staging.nbg.eu\/hr\/wp-json\/wp\/v2\/product_tag?post=44491"}],"curies":[{"name":"wp","href":"https:\/\/api.w.org\/{rel}","templated":true}]}}