{"id":44469,"date":"2024-08-18T09:39:38","date_gmt":"2024-08-18T09:39:38","guid":{"rendered":"https:\/\/staging.nbg.eu\/product\/sordin-silicone-gel-replacement-ear-pads\/"},"modified":"2024-09-10T08:15:16","modified_gmt":"2024-09-10T08:15:16","slug":"sordin-silikonski-gel-zamjenski-jastucici-za-usi","status":"publish","type":"product","link":"https:\/\/staging.nbg.eu\/hr\/proizvod\/sordin-silikonski-gel-zamjenski-jastucici-za-usi\/","title":{"rendered":"Sordin Silikonski Gel Zamjenski Jastu\u010di\u0107i za U\u0161i"},"content":{"rendered":"<div class=\"product-description\">\n<h2>Sordin silikonski gel zamjenski jastu\u010di\u0107i za u\u0161i<\/h2>\n<p>Nadogradite svoje Sordin \u0161titnike za u\u0161i na\u0161im kompletom za zamjenu silikonskog gela koji sadr\u017ei:<\/p>\n<ul>\n<li>2 silikonska gel jastu\u010di\u0107a za u\u0161i<\/li>\n<li>2 izolacijska jastu\u010di\u0107a<\/li>\n<\/ul>\n<p>Do\u017eivite vrhunsku udobnost i za\u0161titu od zvuka s ovim inovativnim gel jastu\u010di\u0107ima koji se oblikuju prema konturama va\u0161e glave. Savr\u0161eni su za upotrebu sa streljiva\u010dkim nao\u010dalama, prilago\u0111avaju se oko ru\u010dki za pobolj\u0161anu za\u0161titu i udobnost.<\/p>\n<p>Kompatibilni sa svim Sordin modelima: Supreme Pro, Pro-X i Pro+3. Jednostavni za ugradnju bez potrebe za modifikacijama.<\/p>\n<p>Pobolj\u0161ajte higijenu i performanse redovitom zamjenom jastu\u010di\u0107a za u\u0161i. Isprobajte ove gel jastu\u010di\u0107e kako biste uistinu cijenili razliku u udobnosti i zvu\u010dnoj izolaciji.<\/p>\n<\/div>\n","protected":false},"excerpt":{"rendered":"<p>Silikonske gel jastu\u010di\u0107i za u\u0161i za Sordin slu\u0161alice. Pobolj\u0161ana udobnost i za\u0161tita od zvuka.<\/p>\n","protected":false},"featured_media":28587,"template":"","meta":{"_acf_changed":false},"product_brand":[],"product_cat":[13536,13531],"product_tag":[],"class_list":{"0":"post-44469","1":"product","2":"type-product","3":"status-publish","4":"has-post-thumbnail","6":"product_cat-oprema","7":"product_cat-zastita-za-usi","9":"first","10":"outofstock","11":"taxable","12":"shipping-taxable","13":"purchasable","14":"product-type-simple"},"acf":[],"_links":{"self":[{"href":"https:\/\/staging.nbg.eu\/hr\/wp-json\/wp\/v2\/product\/44469","targetHints":{"allow":["GET"]}}],"collection":[{"href":"https:\/\/staging.nbg.eu\/hr\/wp-json\/wp\/v2\/product"}],"about":[{"href":"https:\/\/staging.nbg.eu\/hr\/wp-json\/wp\/v2\/types\/product"}],"wp:featuredmedia":[{"embeddable":true,"href":"https:\/\/staging.nbg.eu\/hr\/wp-json\/wp\/v2\/media\/28587"}],"wp:attachment":[{"href":"https:\/\/staging.nbg.eu\/hr\/wp-json\/wp\/v2\/media?parent=44469"}],"wp:term":[{"taxonomy":"product_brand","embeddable":true,"href":"https:\/\/staging.nbg.eu\/hr\/wp-json\/wp\/v2\/product_brand?post=44469"},{"taxonomy":"product_cat","embeddable":true,"href":"https:\/\/staging.nbg.eu\/hr\/wp-json\/wp\/v2\/product_cat?post=44469"},{"taxonomy":"product_tag","embeddable":true,"href":"https:\/\/staging.nbg.eu\/hr\/wp-json\/wp\/v2\/product_tag?post=44469"}],"curies":[{"name":"wp","href":"https:\/\/api.w.org\/{rel}","templated":true}]}}