{"id":44405,"date":"2024-08-18T19:22:32","date_gmt":"2024-09-10T08:07:40","guid":{"rendered":"https:\/\/staging.nbg.eu\/product\/flex-holster-insert-block\/"},"modified":"2024-09-10T08:08:16","modified_gmt":"2024-09-10T08:08:16","slug":"flex-holster-umetak-blok","status":"publish","type":"product","link":"https:\/\/staging.nbg.eu\/hr\/proizvod\/flex-holster-umetak-blok\/","title":{"rendered":"Flex Holster Umetak Blok"},"content":{"rendered":"<div class=\"product-description\">\n<h2>Flex Holster umetak: Prilagodljivo pristajanje za va\u0161 pi\u0161tolj<\/h2>\n<p>Revolucionarni Flex Holster umetak nudi neusporedivu prilagodljivost kako bi osigurao savr\u0161eno pristajanje za gotovo svaki model pi\u0161tolja. Dostupan u izvedbama Tipa-A i Tipa-B, ovaj inovativni dizajn omogu\u0107uje vam fino pode\u0161avanje umetka za futrolu za optimalnu u\u010dinkovitost i udobnost.<\/p>\n<h3>Klju\u010dne zna\u010dajke:<\/h3>\n<ul>\n<li>Podesivi zupci za zaklju\u010davanje navlake za precizno pristajanje<\/li>\n<li>Bo\u010dni odstojnici i podlo\u0161ci za prilago\u0111eno poravnanje<\/li>\n<li>Opcionalni prednji odstojnik za dodatnu prilagodljivost<\/li>\n<li>Aluminijski mehanizam za zaklju\u010davanje navlake s magnetskim aktiviranjem<\/li>\n<li>\u0160iroka, ravna sigurnosna poluga od nehr\u0111aju\u0107eg \u010delika za lako aktiviranje<\/li>\n<\/ul>\n<p>Sklop Flex umetka rje\u0161ava uobi\u010dajene probleme s pristajanjem uzrokovane proizvodnim odstupanjima, osiguravaju\u0107i \u010dvrsto i sigurno pristajanje za va\u0161e specifi\u010dno vatreno oru\u017eje. Zahvaljuju\u0107i dizajnu prilago\u0111enom korisniku, lako mo\u017eete podesiti umetak kako bi odgovarao jedinstvenim dimenzijama \u0161titnika okida\u010da va\u0161eg pi\u0161tolja.<\/p>\n<p>Do\u017eivite sljede\u0107u razinu prilagodbe futrole s Flex Holster umetkom \u2013 vrhunsko rje\u0161enje za zahtjevne strijelce koji tra\u017ee preciznost i pouzdanost.<\/p>\n<\/div>\n","protected":false},"excerpt":{"rendered":"<p>Prilagodljivi umetak za futrolu za savr\u0161eno pristajanje i sigurnost pi\u0161tolja.<\/p>\n","protected":false},"featured_media":28610,"template":"","meta":{"_acf_changed":false},"product_brand":[11260],"product_cat":[13556,13523,13536,13561],"product_tag":[],"class_list":{"0":"post-44405","1":"product","2":"type-product","3":"status-publish","4":"has-post-thumbnail","6":"product_brand-doublealpha","7":"product_cat-dodaci-za-futrole","8":"product_cat-futrola","9":"product_cat-oprema","10":"product_cat-sportska-futrola","12":"first","13":"instock","14":"taxable","15":"shipping-taxable","16":"purchasable","17":"product-type-variable","18":"wvs-archive-product-wrapper"},"acf":[],"_links":{"self":[{"href":"https:\/\/staging.nbg.eu\/hr\/wp-json\/wp\/v2\/product\/44405","targetHints":{"allow":["GET"]}}],"collection":[{"href":"https:\/\/staging.nbg.eu\/hr\/wp-json\/wp\/v2\/product"}],"about":[{"href":"https:\/\/staging.nbg.eu\/hr\/wp-json\/wp\/v2\/types\/product"}],"wp:featuredmedia":[{"embeddable":true,"href":"https:\/\/staging.nbg.eu\/hr\/wp-json\/wp\/v2\/media\/28610"}],"wp:attachment":[{"href":"https:\/\/staging.nbg.eu\/hr\/wp-json\/wp\/v2\/media?parent=44405"}],"wp:term":[{"taxonomy":"product_brand","embeddable":true,"href":"https:\/\/staging.nbg.eu\/hr\/wp-json\/wp\/v2\/product_brand?post=44405"},{"taxonomy":"product_cat","embeddable":true,"href":"https:\/\/staging.nbg.eu\/hr\/wp-json\/wp\/v2\/product_cat?post=44405"},{"taxonomy":"product_tag","embeddable":true,"href":"https:\/\/staging.nbg.eu\/hr\/wp-json\/wp\/v2\/product_tag?post=44405"}],"curies":[{"name":"wp","href":"https:\/\/api.w.org\/{rel}","templated":true}]}}