{"id":44276,"date":"2024-08-18T19:23:04","date_gmt":"2024-09-10T07:48:25","guid":{"rendered":"https:\/\/staging.nbg.eu\/product\/d%d0%b0%d0%b0-ratchet-inner-belt\/"},"modified":"2024-09-10T07:49:11","modified_gmt":"2024-09-10T07:49:11","slug":"daa-ratchet-unutarnji-pojas","status":"publish","type":"product","link":"https:\/\/staging.nbg.eu\/hr\/proizvod\/daa-ratchet-unutarnji-pojas\/","title":{"rendered":"DAA Ratchet Unutarnji Pojas"},"content":{"rendered":"<h2>DAA Unutarnji pojas s mehanizmom za zatezanje<\/h2>\n<p>Do\u017eivite neusporedivu udobnost s inovativnim DAA unutarnjim pojasom s mehanizmom za zatezanje. Ovaj pojas sadr\u017ei jedinstveni sklopivi dio dizajniran da stoji ispod mehanizma za zatezanje, eliminiraju\u0107i neugodne to\u010dke pritiska prilikom zatezanja i skra\u0107ivanja vanjskog pojasa.<\/p>\n<ul>\n<li>Sklopivi dio bez plasti\u010dne jezgre ili \u010di\u010dka za lako savijanje<\/li>\n<li>Za\u0161iljeni krajevi za jednostavno provla\u010denje kroz petlje hla\u010da<\/li>\n<li>Superiorna udobnost u usporedbi s tradicionalnim unutarnjim pojasevima<\/li>\n<li>Izra\u0111en od istih visokokvalitetnih materijala kao i standardni DAA unutarnji pojasevi<\/li>\n<\/ul>\n<p>Oprostite se s neudobno\u0161\u0107u uzrokovanom tvrdim materijalima koji se te\u0161ko savijaju. DAA unutarnji pojas s mehanizmom za zatezanje osigurava udobno pristajanje bez kompromisa u udobnosti, \u010dine\u0107i ga savr\u0161enim izborom za zahtjevne korisnike koji tra\u017ee najbolje u tehnologiji pojaseva.<\/p>\n","protected":false},"excerpt":{"rendered":"<p>Udoban unutarnji remen s preklopnim dijelom za kop\u010de na zatezanje.<\/p>\n","protected":false},"featured_media":29047,"template":"","meta":{"_acf_changed":false},"product_brand":[11260],"product_cat":[13536,13539],"product_tag":[],"class_list":{"0":"post-44276","1":"product","2":"type-product","3":"status-publish","4":"has-post-thumbnail","6":"product_brand-doublealpha","7":"product_cat-oprema","8":"product_cat-sportski-pojasevi","10":"first","11":"instock","12":"taxable","13":"shipping-taxable","14":"purchasable","15":"product-type-variable","16":"wvs-archive-product-wrapper"},"acf":[],"_links":{"self":[{"href":"https:\/\/staging.nbg.eu\/hr\/wp-json\/wp\/v2\/product\/44276","targetHints":{"allow":["GET"]}}],"collection":[{"href":"https:\/\/staging.nbg.eu\/hr\/wp-json\/wp\/v2\/product"}],"about":[{"href":"https:\/\/staging.nbg.eu\/hr\/wp-json\/wp\/v2\/types\/product"}],"wp:featuredmedia":[{"embeddable":true,"href":"https:\/\/staging.nbg.eu\/hr\/wp-json\/wp\/v2\/media\/29047"}],"wp:attachment":[{"href":"https:\/\/staging.nbg.eu\/hr\/wp-json\/wp\/v2\/media?parent=44276"}],"wp:term":[{"taxonomy":"product_brand","embeddable":true,"href":"https:\/\/staging.nbg.eu\/hr\/wp-json\/wp\/v2\/product_brand?post=44276"},{"taxonomy":"product_cat","embeddable":true,"href":"https:\/\/staging.nbg.eu\/hr\/wp-json\/wp\/v2\/product_cat?post=44276"},{"taxonomy":"product_tag","embeddable":true,"href":"https:\/\/staging.nbg.eu\/hr\/wp-json\/wp\/v2\/product_tag?post=44276"}],"curies":[{"name":"wp","href":"https:\/\/api.w.org\/{rel}","templated":true}]}}