{"id":44143,"date":"2024-08-18T19:27:11","date_gmt":"2024-09-10T07:41:25","guid":{"rendered":"https:\/\/staging.nbg.eu\/product\/flex-holster-lh-rh-aluminum-assembly\/"},"modified":"2024-09-10T07:42:07","modified_gmt":"2024-09-10T07:42:07","slug":"flex-futrola-lhrh-aluminijska-montaza","status":"publish","type":"product","link":"https:\/\/staging.nbg.eu\/hr\/proizvod\/flex-futrola-lhrh-aluminijska-montaza\/","title":{"rendered":"Flex Futrola Lh\/Rh Aluminijska Monta\u017ea"},"content":{"rendered":"<h2>Flex Holster Lijevi\/Desni Aluminijski Sklop<\/h2>\n<p>Flex Holster je premium futrola za natjecanja dizajnirana za remene \u0161irine 1,5&#8243;, savr\u0161eno kompatibilna s DAA LYNX i Premium remenima. Klju\u010dne zna\u010dajke uklju\u010duju:<\/p>\n<ul>\n<li>Potpuno CNC obra\u0111ena aluminijska konstrukcija za nenadma\u0161nu \u010dvrsto\u0107u i izdr\u017eljivost<\/li>\n<li>Odvojivi dr\u017ea\u010d za remen za lako putovanje i pohranu<\/li>\n<li>Inovativni sustav pode\u0161avanja nagiba za personaliziranu udobnost<\/li>\n<li>Uklju\u010deni jastu\u010di\u0107 za bedro za pobolj\u0161anu stabilnost<\/li>\n<\/ul>\n<p>Jedinstvene opcije nagiba omogu\u0107uju vam postavljanje futrole okomito ili pod razli\u010ditim kutovima, osiguravaju\u0107i optimalnu udobnost bez obzira na tip tijela ili polo\u017eaj remena. Do\u017eivite vrhunac prilagodbe i performansi s Flex Holsterom.<\/p>\n","protected":false},"excerpt":{"rendered":"<p>Izdr\u017eljiva CNC aluminijska futrola s podesivim nagibom i odvojivim vje\u0161alicom.<\/p>\n","protected":false},"featured_media":28863,"template":"","meta":{"_acf_changed":false},"product_brand":[11260],"product_cat":[13556,13523,13536,13561],"product_tag":[],"class_list":{"0":"post-44143","1":"product","2":"type-product","3":"status-publish","4":"has-post-thumbnail","6":"product_brand-doublealpha","7":"product_cat-dodaci-za-futrole","8":"product_cat-futrola","9":"product_cat-oprema","10":"product_cat-sportska-futrola","12":"first","13":"instock","14":"taxable","15":"shipping-taxable","16":"purchasable","17":"product-type-variable","18":"wvs-archive-product-wrapper"},"acf":[],"_links":{"self":[{"href":"https:\/\/staging.nbg.eu\/hr\/wp-json\/wp\/v2\/product\/44143","targetHints":{"allow":["GET"]}}],"collection":[{"href":"https:\/\/staging.nbg.eu\/hr\/wp-json\/wp\/v2\/product"}],"about":[{"href":"https:\/\/staging.nbg.eu\/hr\/wp-json\/wp\/v2\/types\/product"}],"wp:featuredmedia":[{"embeddable":true,"href":"https:\/\/staging.nbg.eu\/hr\/wp-json\/wp\/v2\/media\/28863"}],"wp:attachment":[{"href":"https:\/\/staging.nbg.eu\/hr\/wp-json\/wp\/v2\/media?parent=44143"}],"wp:term":[{"taxonomy":"product_brand","embeddable":true,"href":"https:\/\/staging.nbg.eu\/hr\/wp-json\/wp\/v2\/product_brand?post=44143"},{"taxonomy":"product_cat","embeddable":true,"href":"https:\/\/staging.nbg.eu\/hr\/wp-json\/wp\/v2\/product_cat?post=44143"},{"taxonomy":"product_tag","embeddable":true,"href":"https:\/\/staging.nbg.eu\/hr\/wp-json\/wp\/v2\/product_tag?post=44143"}],"curies":[{"name":"wp","href":"https:\/\/api.w.org\/{rel}","templated":true}]}}