{"id":43921,"date":"2024-08-18T19:33:17","date_gmt":"2024-09-09T15:47:13","guid":{"rendered":"https:\/\/staging.nbg.eu\/product\/lynx-belt-single-link\/"},"modified":"2025-01-24T12:49:50","modified_gmt":"2025-01-24T12:49:50","slug":"lynx-pojas-pojedinacna-karika","status":"publish","type":"product","link":"https:\/\/staging.nbg.eu\/hr\/proizvod\/lynx-pojas-pojedinacna-karika\/","title":{"rendered":"Lynx Pojas Pojedina\u010dna Karika"},"content":{"rendered":"<div class=\"product-description\">\n<h2>Lynx remen pojedina\u010dna karika<\/h2>\n<p>Prilagodite svoj Lynx remen s pojedina\u010dnim karikama, stvaraju\u0107i vlastitu shemu boja:<\/p>\n<ul>\n<li>Odaberite izme\u0111u 5 dostupnih boja<\/li>\n<li>Dizajnirajte svoj remen da odgovara zastavi, strelja\u010dkom klubu ili uniformi<\/li>\n<li>Kupite pojedina\u010dne karike u bilo kojoj boji i koli\u010dini<\/li>\n<\/ul>\n<h3>Dimenzije:<\/h3>\n<ul>\n<li>Du\u017eina: 33mm (od igle do igle)<\/li>\n<li>Visina: 38.7mm<\/li>\n<li>Debljina: 8.8mm (na \u010di\u010dak traci), 7mm (bez trake)<\/li>\n<\/ul>\n<p>Lynx remen pojedina\u010dna karika omogu\u0107uje vam izra\u017eavanje individualnosti.<\/p>\n<\/div>\n","protected":false},"excerpt":{"rendered":"<p>Prilagodljiva kop\u010da remena: 5 boja, kombinirajte za jedinstvene dizajne.<\/p>\n","protected":false},"featured_media":29139,"template":"","meta":{"_acf_changed":false},"product_brand":[11260],"product_cat":[13536,13539],"product_tag":[],"class_list":{"0":"post-43921","1":"product","2":"type-product","3":"status-publish","4":"has-post-thumbnail","6":"product_brand-doublealpha","7":"product_cat-oprema","8":"product_cat-sportski-pojasevi","10":"first","11":"instock","12":"taxable","13":"shipping-taxable","14":"purchasable","15":"product-type-variable","16":"wvs-archive-product-wrapper"},"acf":[],"_links":{"self":[{"href":"https:\/\/staging.nbg.eu\/hr\/wp-json\/wp\/v2\/product\/43921","targetHints":{"allow":["GET"]}}],"collection":[{"href":"https:\/\/staging.nbg.eu\/hr\/wp-json\/wp\/v2\/product"}],"about":[{"href":"https:\/\/staging.nbg.eu\/hr\/wp-json\/wp\/v2\/types\/product"}],"wp:featuredmedia":[{"embeddable":true,"href":"https:\/\/staging.nbg.eu\/hr\/wp-json\/wp\/v2\/media\/29139"}],"wp:attachment":[{"href":"https:\/\/staging.nbg.eu\/hr\/wp-json\/wp\/v2\/media?parent=43921"}],"wp:term":[{"taxonomy":"product_brand","embeddable":true,"href":"https:\/\/staging.nbg.eu\/hr\/wp-json\/wp\/v2\/product_brand?post=43921"},{"taxonomy":"product_cat","embeddable":true,"href":"https:\/\/staging.nbg.eu\/hr\/wp-json\/wp\/v2\/product_cat?post=43921"},{"taxonomy":"product_tag","embeddable":true,"href":"https:\/\/staging.nbg.eu\/hr\/wp-json\/wp\/v2\/product_tag?post=43921"}],"curies":[{"name":"wp","href":"https:\/\/api.w.org\/{rel}","templated":true}]}}