{"id":43726,"date":"2024-08-18T19:43:56","date_gmt":"2024-09-09T15:34:34","guid":{"rendered":"https:\/\/staging.nbg.eu\/product\/alpha-xi-pouch-inlay\/"},"modified":"2024-09-09T15:35:26","modified_gmt":"2024-09-09T15:35:26","slug":"alpha-xi-ulozak-za-torbicu","status":"publish","type":"product","link":"https:\/\/staging.nbg.eu\/hr\/proizvod\/alpha-xi-ulozak-za-torbicu\/","title":{"rendered":"Alpha-Xi Ulo\u017eak za Torbicu"},"content":{"rendered":"<div class=\"product-description\">\n<h2>Komplet umetaka za Alpha-Xi torbicu<\/h2>\n<p>Unaprijedite svoju Alpha-Xi torbicu na\u0161im kompletom umetaka po mjeri, dostupnim u boji po va\u0161em izboru. Ovi precizno izrezani umeci dizajnirani su za besprijekorno uklapanje u sve d\u017eepove va\u0161eg Alpha-Xi torbice.<\/p>\n<ul>\n<li>Kompletan set za sve d\u017eepove<\/li>\n<li>Jednostavna ugradnja s 3M ljepljivom podlogom<\/li>\n<li>Za\u0161titni film na prednjoj strani za otpornost na ogrebotine<\/li>\n<li>Uklonjivi (uz oprez) koriste\u0107i pristupne rupe<\/li>\n<\/ul>\n<p>Ugradnja je jednostavna: odvojite dijelove, uklonite za\u0161titne filmove i pa\u017eljivo postavite u odgovaraju\u0107e d\u017eepove. Za najbolje rezultate, isprobajte postavljanje prije uklanjanja ljepljive podloge. Napomena: Ne ugra\u0111ujte u d\u017eep namijenjen za pri\u010dvr\u0161\u0107ivanje kuglastog zgloba.<\/p>\n<p><strong>Oprez:<\/strong> Umeci se mogu slomiti tijekom uklanjanja. Budite pa\u017eljivi pri prilago\u0111avanju va\u0161e Alpha-Xi torbice.<\/p>\n<\/div>\n","protected":false},"excerpt":{"rendered":"<p>Alpha-Xi umetci za torbice: Prilago\u0111eni ulo\u0161ci za pobolj\u0161anu organizaciju.<\/p>\n","protected":false},"featured_media":37420,"template":"","meta":{"_acf_changed":false},"product_brand":[11260],"product_cat":[13556,13523,13536,13561],"product_tag":[],"class_list":{"0":"post-43726","1":"product","2":"type-product","3":"status-publish","4":"has-post-thumbnail","6":"product_brand-doublealpha","7":"product_cat-dodaci-za-futrole","8":"product_cat-futrola","9":"product_cat-oprema","10":"product_cat-sportska-futrola","12":"first","13":"instock","14":"taxable","15":"shipping-taxable","16":"purchasable","17":"product-type-variable","18":"wvs-archive-product-wrapper"},"acf":[],"_links":{"self":[{"href":"https:\/\/staging.nbg.eu\/hr\/wp-json\/wp\/v2\/product\/43726","targetHints":{"allow":["GET"]}}],"collection":[{"href":"https:\/\/staging.nbg.eu\/hr\/wp-json\/wp\/v2\/product"}],"about":[{"href":"https:\/\/staging.nbg.eu\/hr\/wp-json\/wp\/v2\/types\/product"}],"wp:featuredmedia":[{"embeddable":true,"href":"https:\/\/staging.nbg.eu\/hr\/wp-json\/wp\/v2\/media\/37420"}],"wp:attachment":[{"href":"https:\/\/staging.nbg.eu\/hr\/wp-json\/wp\/v2\/media?parent=43726"}],"wp:term":[{"taxonomy":"product_brand","embeddable":true,"href":"https:\/\/staging.nbg.eu\/hr\/wp-json\/wp\/v2\/product_brand?post=43726"},{"taxonomy":"product_cat","embeddable":true,"href":"https:\/\/staging.nbg.eu\/hr\/wp-json\/wp\/v2\/product_cat?post=43726"},{"taxonomy":"product_tag","embeddable":true,"href":"https:\/\/staging.nbg.eu\/hr\/wp-json\/wp\/v2\/product_tag?post=43726"}],"curies":[{"name":"wp","href":"https:\/\/api.w.org\/{rel}","templated":true}]}}