{"id":41932,"date":"2024-08-24T21:40:17","date_gmt":"2024-09-09T15:02:16","guid":{"rendered":"https:\/\/staging.nbg.eu\/product\/vanward-hunter\/"},"modified":"2024-09-09T15:05:09","modified_gmt":"2024-09-09T15:05:09","slug":"vanward-hunter","status":"publish","type":"product","link":"https:\/\/staging.nbg.eu\/hr\/proizvod\/vanward-hunter\/","title":{"rendered":"Vanward Hunter"},"content":{"rendered":"<div class=\"product-description\">\n<h2>Vanward Hunter: Napredni 3D tiskani prigu\u0161iva\u010d<\/h2>\n<p>Vanward Hunter predstavlja vrhunac tehnologije prigu\u0161iva\u010da, evoluiran iz renomirane TE-Titan serije. Ovaj najsuvremeniji dizajn nudi:<\/p>\n<ul>\n<li>Optimizirani razmak pregrada za superiorno izjedna\u010davanje tlaka<\/li>\n<li>Heksagonalni vanjski uzorak za pove\u0107anu \u010dvrsto\u0107u i u\u010dinkovito hla\u0111enje<\/li>\n<li>Ultra lagani s te\u017einom od samo 258 grama*<\/li>\n<li>Izuzetno smanjenje buke za vrhunske lova\u010dke performanse<\/li>\n<li>Jednodijelna konstrukcija 3D tiskana od titanija razreda 5<\/li>\n<li>Izmjenjivi navojni umetci od nehr\u0111aju\u0107eg \u010delika<\/li>\n<li>Otporan na koroziju i jednostavan za odr\u017eavanje<\/li>\n<li>Uklju\u010duje POM potporni prsten za optimalni razmak od cijevi<\/li>\n<\/ul>\n<p>Dostupno u kalibrima .223, .264, .30 i .338, s vi\u0161estrukim navojnim opcijama za prilagodbu va\u0161em vatrenom oru\u017eju.<\/p>\n<p>Do\u017eivite neusporedivu tehnologiju prigu\u0161ivanja, dizajniranu uz doprinos stru\u010dnih strijelaca i lovaca. Vanward Hunter pru\u017ea maksimalnu sigurnost, izdr\u017eljivost i performanse u elegantnom, inovativnom pakiranju.<\/p>\n<\/div>\n","protected":false},"excerpt":{"rendered":"<p>3D-tiskani titanijski prigu\u0161iva\u010d: lagan, izdr\u017eljiv i u\u010dinkovit.<\/p>\n","protected":false},"featured_media":102003,"template":"","meta":{"_acf_changed":false},"product_brand":[11928],"product_cat":[13504,13522,13569],"product_tag":[],"class_list":{"0":"post-41932","1":"product","2":"type-product","3":"status-publish","4":"has-post-thumbnail","6":"product_brand-vanward","7":"product_cat-prigusivaci","8":"product_cat-prigusivaci-za-pusku","9":"product_cat-puska","11":"first","12":"instock","13":"taxable","14":"shipping-taxable","15":"purchasable","16":"product-type-variable","17":"wvs-archive-product-wrapper"},"acf":[],"_links":{"self":[{"href":"https:\/\/staging.nbg.eu\/hr\/wp-json\/wp\/v2\/product\/41932","targetHints":{"allow":["GET"]}}],"collection":[{"href":"https:\/\/staging.nbg.eu\/hr\/wp-json\/wp\/v2\/product"}],"about":[{"href":"https:\/\/staging.nbg.eu\/hr\/wp-json\/wp\/v2\/types\/product"}],"wp:featuredmedia":[{"embeddable":true,"href":"https:\/\/staging.nbg.eu\/hr\/wp-json\/wp\/v2\/media\/102003"}],"wp:attachment":[{"href":"https:\/\/staging.nbg.eu\/hr\/wp-json\/wp\/v2\/media?parent=41932"}],"wp:term":[{"taxonomy":"product_brand","embeddable":true,"href":"https:\/\/staging.nbg.eu\/hr\/wp-json\/wp\/v2\/product_brand?post=41932"},{"taxonomy":"product_cat","embeddable":true,"href":"https:\/\/staging.nbg.eu\/hr\/wp-json\/wp\/v2\/product_cat?post=41932"},{"taxonomy":"product_tag","embeddable":true,"href":"https:\/\/staging.nbg.eu\/hr\/wp-json\/wp\/v2\/product_tag?post=41932"}],"curies":[{"name":"wp","href":"https:\/\/api.w.org\/{rel}","templated":true}]}}