{"id":414842,"date":"2025-07-03T13:20:27","date_gmt":"2025-07-03T10:20:27","guid":{"rendered":"https:\/\/staging.nbg.eu\/product\/grip-kmr-l-dotmatrix-ergo-orange\/"},"modified":"2025-07-03T13:22:44","modified_gmt":"2025-07-03T10:22:44","slug":"rukohvat-kmr-l-dotmatrix-ergo-narancasti","status":"publish","type":"product","link":"https:\/\/staging.nbg.eu\/hr\/proizvod\/rukohvat-kmr-l-dotmatrix-ergo-narancasti\/","title":{"rendered":"Rukohvat KMR L DOTMATRIX ERGO NARANCASTI"},"content":{"rendered":"<div class=\"product-description\">\n<h2>Rukohvat KMR L DOTMATRIX ERGO NARAN\u010cASTI<\/h2>\n<p>KMR Precision Arms DOTMATRIX ERGO rukohvat. Ovaj aluminijski rukohvat pune veli\u010dine ima:<\/p>\n<ul>\n<li>Ergonomski profil za dlan<\/li>\n<li>Naran\u010dasta boja<\/li>\n<li>Dizajniran bez otvora za spremnik<\/li>\n<li>Precizno izra\u0111en<\/li>\n<\/ul>\n<p>Referenca: 0611-04001-0105<\/p>\n<\/div>\n","protected":false},"excerpt":{"rendered":"<p>Ergonomske aluminijske ru\u010dke s pro\u0161irenjem za dlan za KMR pi\u0161tolje.<\/p>\n","protected":false},"featured_media":359465,"template":"","meta":{"_acf_changed":false},"product_brand":[11491],"product_cat":[13570,13521],"product_tag":[],"class_list":{"0":"post-414842","1":"product","2":"type-product","3":"status-publish","4":"has-post-thumbnail","6":"product_brand-kmr-precision","7":"product_cat-dijelovi-za-pistolj","8":"product_cat-kmr-dijelovi","10":"first","11":"instock","12":"taxable","13":"shipping-taxable","14":"purchasable","15":"product-type-simple"},"acf":[],"_links":{"self":[{"href":"https:\/\/staging.nbg.eu\/hr\/wp-json\/wp\/v2\/product\/414842","targetHints":{"allow":["GET"]}}],"collection":[{"href":"https:\/\/staging.nbg.eu\/hr\/wp-json\/wp\/v2\/product"}],"about":[{"href":"https:\/\/staging.nbg.eu\/hr\/wp-json\/wp\/v2\/types\/product"}],"wp:featuredmedia":[{"embeddable":true,"href":"https:\/\/staging.nbg.eu\/hr\/wp-json\/wp\/v2\/media\/359465"}],"wp:attachment":[{"href":"https:\/\/staging.nbg.eu\/hr\/wp-json\/wp\/v2\/media?parent=414842"}],"wp:term":[{"taxonomy":"product_brand","embeddable":true,"href":"https:\/\/staging.nbg.eu\/hr\/wp-json\/wp\/v2\/product_brand?post=414842"},{"taxonomy":"product_cat","embeddable":true,"href":"https:\/\/staging.nbg.eu\/hr\/wp-json\/wp\/v2\/product_cat?post=414842"},{"taxonomy":"product_tag","embeddable":true,"href":"https:\/\/staging.nbg.eu\/hr\/wp-json\/wp\/v2\/product_tag?post=414842"}],"curies":[{"name":"wp","href":"https:\/\/api.w.org\/{rel}","templated":true}]}}