{"id":414735,"date":"2025-05-14T22:52:38","date_gmt":"2025-05-14T19:52:38","guid":{"rendered":"https:\/\/staging.nbg.eu\/product\/grip-kmr-s-dotmatrix-ergo-black\/"},"modified":"2025-07-03T13:17:47","modified_gmt":"2025-07-03T10:17:47","slug":"rukohvat-kmr-s-dotmatrix-ergo-crni","status":"publish","type":"product","link":"https:\/\/staging.nbg.eu\/hr\/proizvod\/rukohvat-kmr-s-dotmatrix-ergo-crni\/","title":{"rendered":"Rukohvat KMR S DOTMATRIX ERGO CRNI"},"content":{"rendered":"<div class=\"product-description\">\n<h2>Rukohvat KMR S DOTMATRIX ERGO CRNI<\/h2>\n<p>Ovi rukohvati od duraluminija imaju uzorak poput golf loptice za bolji hvat. Kompatibilni su s KMR S-01 LANCE (OR), KMR S-02 (do 2023.), i odre\u0111enim CZ modelima uklju\u010duju\u0107i Shadow 1, Shadow 2, i SP-01.<\/p>\n<p>Referenca: 0611-03001-0101<\/p>\n<p>Marka: KMR Precision Arms<\/p>\n<\/div>\n","protected":false},"excerpt":{"rendered":"<p>Ergonomske dr\u0161ke od duraluminija s uzorkom poput golf loptice za sigurno dr\u017eanje. Odgovara KMR i CZ pi\u0161toljima.<\/p>\n","protected":false},"featured_media":359488,"template":"","meta":{"_acf_changed":false},"product_brand":[11491],"product_cat":[13570,13521],"product_tag":[],"class_list":{"0":"post-414735","1":"product","2":"type-product","3":"status-publish","4":"has-post-thumbnail","6":"product_brand-kmr-precision","7":"product_cat-dijelovi-za-pistolj","8":"product_cat-kmr-dijelovi","10":"first","11":"instock","12":"taxable","13":"shipping-taxable","14":"purchasable","15":"product-type-simple"},"acf":[],"_links":{"self":[{"href":"https:\/\/staging.nbg.eu\/hr\/wp-json\/wp\/v2\/product\/414735","targetHints":{"allow":["GET"]}}],"collection":[{"href":"https:\/\/staging.nbg.eu\/hr\/wp-json\/wp\/v2\/product"}],"about":[{"href":"https:\/\/staging.nbg.eu\/hr\/wp-json\/wp\/v2\/types\/product"}],"wp:featuredmedia":[{"embeddable":true,"href":"https:\/\/staging.nbg.eu\/hr\/wp-json\/wp\/v2\/media\/359488"}],"wp:attachment":[{"href":"https:\/\/staging.nbg.eu\/hr\/wp-json\/wp\/v2\/media?parent=414735"}],"wp:term":[{"taxonomy":"product_brand","embeddable":true,"href":"https:\/\/staging.nbg.eu\/hr\/wp-json\/wp\/v2\/product_brand?post=414735"},{"taxonomy":"product_cat","embeddable":true,"href":"https:\/\/staging.nbg.eu\/hr\/wp-json\/wp\/v2\/product_cat?post=414735"},{"taxonomy":"product_tag","embeddable":true,"href":"https:\/\/staging.nbg.eu\/hr\/wp-json\/wp\/v2\/product_tag?post=414735"}],"curies":[{"name":"wp","href":"https:\/\/api.w.org\/{rel}","templated":true}]}}