{"id":414594,"date":"2025-07-03T12:32:46","date_gmt":"2025-07-03T09:32:46","guid":{"rendered":"https:\/\/staging.nbg.eu\/product\/grips-kmr-w-dotmatrix-black\/"},"modified":"2025-07-03T12:35:37","modified_gmt":"2025-07-03T09:35:37","slug":"rukohvati-kmr-w-dotmatrix-crni","status":"publish","type":"product","link":"https:\/\/staging.nbg.eu\/hr\/proizvod\/rukohvati-kmr-w-dotmatrix-crni\/","title":{"rendered":"RUKOHVATI KMR W DOTMATRIX CRNI"},"content":{"rendered":"<div class=\"product-description\">\n<h2>RUKOHVATI KMR W DOTMATRIX CRNI<\/h2>\n<p>Rukohvati od duraluminija za KMR pi\u0161tolj. Uzorak golf loptice pru\u017ea teksturu za dr\u017eanje. Za nadogradnju postoje\u0107ih pi\u0161tolja ili izradu natjecateljskih. Zna\u010dajke:<\/p>\n<ul>\n<li>Duga veli\u010dina<\/li>\n<li>Anodizirani duraluminij<\/li>\n<li>Bez vodilice spremnika<\/li>\n<li>Uklju\u010duje torx vijke<\/li>\n<li>KMR logo<\/li>\n<\/ul>\n<p>Kompatibilno s modelima KMR W-02 CUDA (do 2023), UMBRA i UMBRA (OR).<\/p>\n<\/div>\n","protected":false},"excerpt":{"rendered":"<p>Izdr\u017eljivi rukohvati od duraluminija s teksturom golf loptice za KMR pi\u0161tolje.<\/p>\n","protected":false},"featured_media":359327,"template":"","meta":{"_acf_changed":false},"product_brand":[11491],"product_cat":[13570,13521],"product_tag":[],"class_list":{"0":"post-414594","1":"product","2":"type-product","3":"status-publish","4":"has-post-thumbnail","6":"product_brand-kmr-precision","7":"product_cat-dijelovi-za-pistolj","8":"product_cat-kmr-dijelovi","10":"first","11":"instock","12":"taxable","13":"shipping-taxable","14":"purchasable","15":"product-type-simple"},"acf":[],"_links":{"self":[{"href":"https:\/\/staging.nbg.eu\/hr\/wp-json\/wp\/v2\/product\/414594","targetHints":{"allow":["GET"]}}],"collection":[{"href":"https:\/\/staging.nbg.eu\/hr\/wp-json\/wp\/v2\/product"}],"about":[{"href":"https:\/\/staging.nbg.eu\/hr\/wp-json\/wp\/v2\/types\/product"}],"wp:featuredmedia":[{"embeddable":true,"href":"https:\/\/staging.nbg.eu\/hr\/wp-json\/wp\/v2\/media\/359327"}],"wp:attachment":[{"href":"https:\/\/staging.nbg.eu\/hr\/wp-json\/wp\/v2\/media?parent=414594"}],"wp:term":[{"taxonomy":"product_brand","embeddable":true,"href":"https:\/\/staging.nbg.eu\/hr\/wp-json\/wp\/v2\/product_brand?post=414594"},{"taxonomy":"product_cat","embeddable":true,"href":"https:\/\/staging.nbg.eu\/hr\/wp-json\/wp\/v2\/product_cat?post=414594"},{"taxonomy":"product_tag","embeddable":true,"href":"https:\/\/staging.nbg.eu\/hr\/wp-json\/wp\/v2\/product_tag?post=414594"}],"curies":[{"name":"wp","href":"https:\/\/api.w.org\/{rel}","templated":true}]}}