{"id":411846,"date":"2025-05-14T22:52:06","date_gmt":"2025-05-14T19:52:06","guid":{"rendered":"https:\/\/staging.nbg.eu\/product\/grips-kmr-w-dotmatrix-ergo-orange\/"},"modified":"2025-07-01T17:42:08","modified_gmt":"2025-07-01T14:42:08","slug":"rukohvati-kmr-w-dotmatrix-ergo-narancasti","status":"publish","type":"product","link":"https:\/\/staging.nbg.eu\/hr\/proizvod\/rukohvati-kmr-w-dotmatrix-ergo-narancasti\/","title":{"rendered":"RUKOHVATI KMR W DOTMATRIX ERGO NARANCASTI"},"content":{"rendered":"<div class=\"product-description\">\n<h2>RUKOHVATI KMR W DOTMATRIX ERGO NARAN\u010cASTI<\/h2>\n<p>Rukohvati za KMR pi\u0161tolj izra\u0111eni od duraluminija s uzorkom golf loptice za bolji hvat. Kompatibilni s KMR W-02 CUDA (do 2023), UMBRA i UMBRA (OR) modelima.<\/p>\n<p><strong>Referenca:<\/strong> 0611-03305-0101<\/p>\n<\/div>\n","protected":false},"excerpt":{"rendered":"<p>Ergonomske naran\u010daste ru\u010dke s to\u010dkastim uzorkom za KMR pi\u0161tolje.<\/p>\n","protected":false},"featured_media":359373,"template":"","meta":{"_acf_changed":false},"product_brand":[11491],"product_cat":[13570,13521],"product_tag":[],"class_list":{"0":"post-411846","1":"product","2":"type-product","3":"status-publish","4":"has-post-thumbnail","6":"product_brand-kmr-precision","7":"product_cat-dijelovi-za-pistolj","8":"product_cat-kmr-dijelovi","10":"first","11":"outofstock","12":"taxable","13":"shipping-taxable","14":"purchasable","15":"product-type-simple"},"acf":[],"_links":{"self":[{"href":"https:\/\/staging.nbg.eu\/hr\/wp-json\/wp\/v2\/product\/411846","targetHints":{"allow":["GET"]}}],"collection":[{"href":"https:\/\/staging.nbg.eu\/hr\/wp-json\/wp\/v2\/product"}],"about":[{"href":"https:\/\/staging.nbg.eu\/hr\/wp-json\/wp\/v2\/types\/product"}],"wp:featuredmedia":[{"embeddable":true,"href":"https:\/\/staging.nbg.eu\/hr\/wp-json\/wp\/v2\/media\/359373"}],"wp:attachment":[{"href":"https:\/\/staging.nbg.eu\/hr\/wp-json\/wp\/v2\/media?parent=411846"}],"wp:term":[{"taxonomy":"product_brand","embeddable":true,"href":"https:\/\/staging.nbg.eu\/hr\/wp-json\/wp\/v2\/product_brand?post=411846"},{"taxonomy":"product_cat","embeddable":true,"href":"https:\/\/staging.nbg.eu\/hr\/wp-json\/wp\/v2\/product_cat?post=411846"},{"taxonomy":"product_tag","embeddable":true,"href":"https:\/\/staging.nbg.eu\/hr\/wp-json\/wp\/v2\/product_tag?post=411846"}],"curies":[{"name":"wp","href":"https:\/\/api.w.org\/{rel}","templated":true}]}}