{"id":411737,"date":"2025-05-14T22:52:01","date_gmt":"2025-05-14T19:52:01","guid":{"rendered":"https:\/\/staging.nbg.eu\/product\/grips-kmr-w-dotmatrix-ergo-red\/"},"modified":"2025-07-01T17:34:50","modified_gmt":"2025-07-01T14:34:50","slug":"rukohvati-kmr-w-dotmatrix-ergo-crveni","status":"publish","type":"product","link":"https:\/\/staging.nbg.eu\/hr\/proizvod\/rukohvati-kmr-w-dotmatrix-ergo-crveni\/","title":{"rendered":"RUKOHVATI KMR W DOTMATRIX ERGO CRVENI"},"content":{"rendered":"<div class=\"product-description\">\n<h2>RUKOHVATI KMR W DOTMATRIX ERGO CRVENI<\/h2>\n<p>Ovi rukohvati od duraluminija za KMR pi\u0161tolj imaju uzorak golf loptice za bolji stisak. Namijenjeni su za natjecanja ili nadogradnju postoje\u0107eg oru\u017eja. Dizajnirani su za modele KMR W-02 CUDA (do 2023), UMBRA i UMBRA (OR).<\/p>\n<ul>\n<li>Referenca: 0611-03305-0101<\/li>\n<li>Marka: KMR Precision Arms<\/li>\n<li>Materijal: Duraluminij<\/li>\n<\/ul>\n<\/div>\n","protected":false},"excerpt":{"rendered":"<p>Izdr\u017eljive, ergonomske ru\u010dke za KMR pi\u0161tolje. Siguran stisak.<\/p>\n","protected":false},"featured_media":359396,"template":"","meta":{"_acf_changed":false},"product_brand":[11491],"product_cat":[13570,13521],"product_tag":[],"class_list":{"0":"post-411737","1":"product","2":"type-product","3":"status-publish","4":"has-post-thumbnail","6":"product_brand-kmr-precision","7":"product_cat-dijelovi-za-pistolj","8":"product_cat-kmr-dijelovi","10":"first","11":"outofstock","12":"taxable","13":"shipping-taxable","14":"purchasable","15":"product-type-simple"},"acf":[],"_links":{"self":[{"href":"https:\/\/staging.nbg.eu\/hr\/wp-json\/wp\/v2\/product\/411737","targetHints":{"allow":["GET"]}}],"collection":[{"href":"https:\/\/staging.nbg.eu\/hr\/wp-json\/wp\/v2\/product"}],"about":[{"href":"https:\/\/staging.nbg.eu\/hr\/wp-json\/wp\/v2\/types\/product"}],"wp:featuredmedia":[{"embeddable":true,"href":"https:\/\/staging.nbg.eu\/hr\/wp-json\/wp\/v2\/media\/359396"}],"wp:attachment":[{"href":"https:\/\/staging.nbg.eu\/hr\/wp-json\/wp\/v2\/media?parent=411737"}],"wp:term":[{"taxonomy":"product_brand","embeddable":true,"href":"https:\/\/staging.nbg.eu\/hr\/wp-json\/wp\/v2\/product_brand?post=411737"},{"taxonomy":"product_cat","embeddable":true,"href":"https:\/\/staging.nbg.eu\/hr\/wp-json\/wp\/v2\/product_cat?post=411737"},{"taxonomy":"product_tag","embeddable":true,"href":"https:\/\/staging.nbg.eu\/hr\/wp-json\/wp\/v2\/product_tag?post=411737"}],"curies":[{"name":"wp","href":"https:\/\/api.w.org\/{rel}","templated":true}]}}