{"id":411518,"date":"2025-07-01T17:16:45","date_gmt":"2025-07-01T14:16:45","guid":{"rendered":"https:\/\/staging.nbg.eu\/product\/grips-kmr-w-dotmatrix-silver\/"},"modified":"2025-07-01T17:19:35","modified_gmt":"2025-07-01T14:19:35","slug":"rukohvati-kmr-w-dotmatrix-srebrni","status":"publish","type":"product","link":"https:\/\/staging.nbg.eu\/hr\/proizvod\/rukohvati-kmr-w-dotmatrix-srebrni\/","title":{"rendered":"RUKOHVATI KMR W DOTMATRIX SREBRNI"},"content":{"rendered":"<div class=\"product-description\">\n<h2>RUKOHVATI KMR W DOTMATRIX SREBRNI<\/h2>\n<p>Rukohvati od duraluminija za KMR pi\u0161tolj. Tekstura s uzorkom golf loptice. Kompatibilni s modelima KMR W-02 CUDA (do 2023), UMBRA i UMBRA (OR).<\/p>\n<ul>\n<li>Referenca: 0611-03301-0102<\/li>\n<li>Marka: KMR Precision Arms<\/li>\n<li>Materijal: Duraluminij<\/li>\n<\/ul>\n<\/div>\n","protected":false},"excerpt":{"rendered":"<p>Teksturirani duralumin rukohvati za KMR pi\u0161tolje. Uzorak poput golf loptice osigurava \u010dvrsto dr\u017eanje u svakoj situaciji.<\/p>\n","protected":false},"featured_media":359442,"template":"","meta":{"_acf_changed":false},"product_brand":[11491],"product_cat":[13570,13521],"product_tag":[],"class_list":{"0":"post-411518","1":"product","2":"type-product","3":"status-publish","4":"has-post-thumbnail","6":"product_brand-kmr-precision","7":"product_cat-dijelovi-za-pistolj","8":"product_cat-kmr-dijelovi","10":"first","11":"instock","12":"taxable","13":"shipping-taxable","14":"purchasable","15":"product-type-simple"},"acf":[],"_links":{"self":[{"href":"https:\/\/staging.nbg.eu\/hr\/wp-json\/wp\/v2\/product\/411518","targetHints":{"allow":["GET"]}}],"collection":[{"href":"https:\/\/staging.nbg.eu\/hr\/wp-json\/wp\/v2\/product"}],"about":[{"href":"https:\/\/staging.nbg.eu\/hr\/wp-json\/wp\/v2\/types\/product"}],"wp:featuredmedia":[{"embeddable":true,"href":"https:\/\/staging.nbg.eu\/hr\/wp-json\/wp\/v2\/media\/359442"}],"wp:attachment":[{"href":"https:\/\/staging.nbg.eu\/hr\/wp-json\/wp\/v2\/media?parent=411518"}],"wp:term":[{"taxonomy":"product_brand","embeddable":true,"href":"https:\/\/staging.nbg.eu\/hr\/wp-json\/wp\/v2\/product_brand?post=411518"},{"taxonomy":"product_cat","embeddable":true,"href":"https:\/\/staging.nbg.eu\/hr\/wp-json\/wp\/v2\/product_cat?post=411518"},{"taxonomy":"product_tag","embeddable":true,"href":"https:\/\/staging.nbg.eu\/hr\/wp-json\/wp\/v2\/product_tag?post=411518"}],"curies":[{"name":"wp","href":"https:\/\/api.w.org\/{rel}","templated":true}]}}