{"id":411409,"date":"2025-07-01T17:08:58","date_gmt":"2025-07-01T14:08:58","guid":{"rendered":"https:\/\/staging.nbg.eu\/product\/grips-kmr-w-modular-sandpaper-black\/"},"modified":"2025-07-01T17:11:47","modified_gmt":"2025-07-01T14:11:47","slug":"rukohvati-kmr-w-modularni-brusni-papir-crni","status":"publish","type":"product","link":"https:\/\/staging.nbg.eu\/hr\/proizvod\/rukohvati-kmr-w-modularni-brusni-papir-crni\/","title":{"rendered":"RUKOHVATI KMR W MODULARNI BRUSNI PAPIR CRNI"},"content":{"rendered":"<h2>RUKOHVAT KMR W MODULARNI BRUSNI PAPIR CRNI<\/h2>\n<p>KMR W Modularni Brusni Papir Crni je rukohvat za vatreno oru\u017eje. Ovaj dugi, anodizirani duraluminijski rukohvat nudi kontrolu i udobnost bez vodilice za spremnik. Ima KMR logo i modularni dizajn koji omogu\u0107uje prilagodbu. Instalacija se vr\u0161i torx vijcima koji su uklju\u010deni.<\/p>\n<ul>\n<li>Veli\u010dina: Duga<\/li>\n<li>Materijal: Anodizirani duraluminij<\/li>\n<li>Upotreba: Bez vodilice za spremnik<\/li>\n<li>Uklju\u010duje: Torx vijke<\/li>\n<li>Logo: KMR<\/li>\n<\/ul>\n<p><strong>Referenca:<\/strong> 0611-03304-0101<\/p>\n","protected":false},"excerpt":{"rendered":"<p>Duga\u010dka, izdr\u017eljiva anodizirana dr\u0161ka od duraluminija.<\/p>\n","protected":false},"featured_media":359263,"template":"","meta":{"_acf_changed":false},"product_brand":[11491],"product_cat":[13570,13521],"product_tag":[],"class_list":{"0":"post-411409","1":"product","2":"type-product","3":"status-publish","4":"has-post-thumbnail","6":"product_brand-kmr-precision","7":"product_cat-dijelovi-za-pistolj","8":"product_cat-kmr-dijelovi","10":"first","11":"instock","12":"taxable","13":"shipping-taxable","14":"purchasable","15":"product-type-simple"},"acf":[],"_links":{"self":[{"href":"https:\/\/staging.nbg.eu\/hr\/wp-json\/wp\/v2\/product\/411409","targetHints":{"allow":["GET"]}}],"collection":[{"href":"https:\/\/staging.nbg.eu\/hr\/wp-json\/wp\/v2\/product"}],"about":[{"href":"https:\/\/staging.nbg.eu\/hr\/wp-json\/wp\/v2\/types\/product"}],"wp:featuredmedia":[{"embeddable":true,"href":"https:\/\/staging.nbg.eu\/hr\/wp-json\/wp\/v2\/media\/359263"}],"wp:attachment":[{"href":"https:\/\/staging.nbg.eu\/hr\/wp-json\/wp\/v2\/media?parent=411409"}],"wp:term":[{"taxonomy":"product_brand","embeddable":true,"href":"https:\/\/staging.nbg.eu\/hr\/wp-json\/wp\/v2\/product_brand?post=411409"},{"taxonomy":"product_cat","embeddable":true,"href":"https:\/\/staging.nbg.eu\/hr\/wp-json\/wp\/v2\/product_cat?post=411409"},{"taxonomy":"product_tag","embeddable":true,"href":"https:\/\/staging.nbg.eu\/hr\/wp-json\/wp\/v2\/product_tag?post=411409"}],"curies":[{"name":"wp","href":"https:\/\/api.w.org\/{rel}","templated":true}]}}