{"id":411294,"date":"2025-07-01T16:59:48","date_gmt":"2025-07-01T13:59:48","guid":{"rendered":"https:\/\/staging.nbg.eu\/product\/grips-kmr-w-modular-sandpaper-titan\/"},"modified":"2025-07-01T17:02:40","modified_gmt":"2025-07-01T14:02:40","slug":"rukohvati-kmr-w-modularni-brusni-papir-titan","status":"publish","type":"product","link":"https:\/\/staging.nbg.eu\/hr\/proizvod\/rukohvati-kmr-w-modularni-brusni-papir-titan\/","title":{"rendered":"RUKOHVATI KMR W MODULARNI BRUSNI PAPIR TITAN"},"content":{"rendered":"<h2>RUKOHVAT KMR W MODULARNI SANDPAPER TITAN<\/h2>\n<p>RUKOHVAT KMR W MODULARNI SANDPAPER TITAN je duga\u010dki rukohvat za vatreno oru\u017eje. Izra\u0111en je od anodiziranog duraluminija. Dizajniran je za kori\u0161tenje bez vodilice spremnika. Paket uklju\u010duje torx vijke za ugradnju. Na rukohvatu se nalazi KMR logotip.<\/p>\n<p><strong>Referenca:<\/strong> 0611-03304-0101<\/p>\n","protected":false},"excerpt":{"rendered":"<p>Dugi, izdr\u017eljivi KMR rukohvat. Anodiziran duraluminij.<\/p>\n","protected":false},"featured_media":359287,"template":"","meta":{"_acf_changed":false},"product_brand":[11491],"product_cat":[13570,13521],"product_tag":[],"class_list":{"0":"post-411294","1":"product","2":"type-product","3":"status-publish","4":"has-post-thumbnail","6":"product_brand-kmr-precision","7":"product_cat-dijelovi-za-pistolj","8":"product_cat-kmr-dijelovi","10":"first","11":"instock","12":"taxable","13":"shipping-taxable","14":"purchasable","15":"product-type-simple"},"acf":[],"_links":{"self":[{"href":"https:\/\/staging.nbg.eu\/hr\/wp-json\/wp\/v2\/product\/411294","targetHints":{"allow":["GET"]}}],"collection":[{"href":"https:\/\/staging.nbg.eu\/hr\/wp-json\/wp\/v2\/product"}],"about":[{"href":"https:\/\/staging.nbg.eu\/hr\/wp-json\/wp\/v2\/types\/product"}],"wp:featuredmedia":[{"embeddable":true,"href":"https:\/\/staging.nbg.eu\/hr\/wp-json\/wp\/v2\/media\/359287"}],"wp:attachment":[{"href":"https:\/\/staging.nbg.eu\/hr\/wp-json\/wp\/v2\/media?parent=411294"}],"wp:term":[{"taxonomy":"product_brand","embeddable":true,"href":"https:\/\/staging.nbg.eu\/hr\/wp-json\/wp\/v2\/product_brand?post=411294"},{"taxonomy":"product_cat","embeddable":true,"href":"https:\/\/staging.nbg.eu\/hr\/wp-json\/wp\/v2\/product_cat?post=411294"},{"taxonomy":"product_tag","embeddable":true,"href":"https:\/\/staging.nbg.eu\/hr\/wp-json\/wp\/v2\/product_tag?post=411294"}],"curies":[{"name":"wp","href":"https:\/\/api.w.org\/{rel}","templated":true}]}}