{"id":410987,"date":"2025-07-01T16:45:12","date_gmt":"2025-07-01T13:45:12","guid":{"rendered":"https:\/\/staging.nbg.eu\/product\/surefire-ep7-bk-mpr-bulk-ear-plugs\/"},"modified":"2025-07-01T16:48:12","modified_gmt":"2025-07-01T13:48:12","slug":"surefire-ep7-bk-mpr-bulk-cepici-za-usi","status":"publish","type":"product","link":"https:\/\/staging.nbg.eu\/hr\/proizvod\/surefire-ep7-bk-mpr-bulk-cepici-za-usi\/","title":{"rendered":"Surefire EP7-BK-MPR-BULK \u010cepi\u0107i za U\u0161i"},"content":{"rendered":"<div class=\"product-description\">\n<h2>Surefire EP7-BK-MPR-BULK \u010depi\u0107i za u\u0161i<\/h2>\n<h2>Za\u0161tita sluha<\/h2>\n<p>Surefire EP7 Sonic Defenders Ultra \u010depi\u0107i za u\u0161i pru\u017eaju za\u0161titu sluha bez ugro\u017eavanja sposobnosti da \u010dujete va\u017ene zvukove. S ocjenom smanjenja buke (NRR) od 28 dB, ovi \u010depi\u0107i za u\u0161i \u0161tite od gubitka sluha uzrokovanog bukom (NIHL).<\/p>\n<h3>Glavne zna\u010dajke:<\/h3>\n<ul>\n<li>Dizajn s vrhom od pjene s mekanim Comply\u2122 Canal vrhovima<\/li>\n<li>28-dB ocjena smanjenja buke (NRR) s umetnutim filterima<\/li>\n<li>Omogu\u0107uje prolazak sigurnih razina zvuka dok smanjuje \u0161tetne buke iznad 85 dB<\/li>\n<li>EarLock\u00ae prstenovi za zadr\u017eavanje sa sedam kontaktnih to\u010daka za sigurno pristajanje<\/li>\n<li>Izra\u0111eni od hipoalergenog, medicinskog polimera za udobnost i trajnost<\/li>\n<li>Dizajn niskog profila kompatibilan s maskama, kacigama i slu\u0161alicama<\/li>\n<li>Priklju\u010dni filtri za dodatnu za\u0161titu u okolinama s visokom bukom<\/li>\n<li>Kompatibilni s razli\u010ditim radio komunikacijskim sustavima<\/li>\n<\/ul>\n<h3>Dodatne informacije:<\/h3>\n<ul>\n<li>Dostupno u prozirnoj, crnoj ili naran\u010dastoj boji<\/li>\n<li>Uklju\u010duje polimernu uzicu od 66 cm i dodatni par Comply\u2122 Canal vrhova<\/li>\n<li>Veli\u010dine: Mala (S), Srednja (M) i Velika (L)<\/li>\n<li>Izjava o sukladnosti dostupna na surefire.com\/doc-ep7<\/li>\n<\/ul>\n<p>Za\u0161titite svoj sluh bez \u017ertvovanja svijesti o okolini. Surefire EP7 Sonic Defenders Ultra \u010depi\u0107i za u\u0161i su rje\u0161enje za profesionalnu i rekreativnu upotrebu, nude\u0107i udobnost, svestranost i za\u0161titu sluha.<\/p>\n<\/div>\n","protected":false},"excerpt":{"rendered":"<p>Za\u0161titni \u010depi\u0107i za u\u0161i s 28dB NRR. Propu\u0161taju sigurne zvukove. Udobni vrhovi od pjene.<\/p>\n","protected":false},"featured_media":399758,"template":"","meta":{"_acf_changed":false},"product_brand":[11859],"product_cat":[13536,13531],"product_tag":[],"class_list":{"0":"post-410987","1":"product","2":"type-product","3":"status-publish","4":"has-post-thumbnail","6":"product_brand-surefire","7":"product_cat-oprema","8":"product_cat-zastita-za-usi","10":"first","11":"instock","12":"taxable","13":"shipping-taxable","14":"purchasable","15":"product-type-simple"},"acf":[],"_links":{"self":[{"href":"https:\/\/staging.nbg.eu\/hr\/wp-json\/wp\/v2\/product\/410987","targetHints":{"allow":["GET"]}}],"collection":[{"href":"https:\/\/staging.nbg.eu\/hr\/wp-json\/wp\/v2\/product"}],"about":[{"href":"https:\/\/staging.nbg.eu\/hr\/wp-json\/wp\/v2\/types\/product"}],"wp:featuredmedia":[{"embeddable":true,"href":"https:\/\/staging.nbg.eu\/hr\/wp-json\/wp\/v2\/media\/399758"}],"wp:attachment":[{"href":"https:\/\/staging.nbg.eu\/hr\/wp-json\/wp\/v2\/media?parent=410987"}],"wp:term":[{"taxonomy":"product_brand","embeddable":true,"href":"https:\/\/staging.nbg.eu\/hr\/wp-json\/wp\/v2\/product_brand?post=410987"},{"taxonomy":"product_cat","embeddable":true,"href":"https:\/\/staging.nbg.eu\/hr\/wp-json\/wp\/v2\/product_cat?post=410987"},{"taxonomy":"product_tag","embeddable":true,"href":"https:\/\/staging.nbg.eu\/hr\/wp-json\/wp\/v2\/product_tag?post=410987"}],"curies":[{"name":"wp","href":"https:\/\/api.w.org\/{rel}","templated":true}]}}