{"id":410714,"date":"2025-07-01T16:29:34","date_gmt":"2025-07-01T13:29:34","guid":{"rendered":"https:\/\/staging.nbg.eu\/product\/surefire-csm-09-push-button-switch\/"},"modified":"2025-07-01T16:32:31","modified_gmt":"2025-07-01T13:32:31","slug":"surefire-csm-09-prekidac-s-tipkom","status":"publish","type":"product","link":"https:\/\/staging.nbg.eu\/hr\/proizvod\/surefire-csm-09-prekidac-s-tipkom\/","title":{"rendered":"Surefire CSM-09 Prekida\u010d s Tipkom"},"content":{"rendered":"<div class=\"product-description\">\n<h2>Surefire CSM-09 Prekida\u010d na Pritisak<\/h2>\n<h2>Daljinsko upravljanje. U\u0161teda prostora.<\/h2>\n<p>CSM-09 prekida\u010d na pritisak je rje\u0161enje za daljinsko aktiviranje SureFire WeaponLight-a uz maksimalno iskori\u0161tavanje prostora na \u0161ini va\u0161eg vatrenog oru\u017eja. Ovaj kompaktni prekida\u010d nudi funkcije trenutnog i stalnog uklju\u010divanja iz jedne kontrole.<\/p>\n<h3>Glavne zna\u010dajke:<\/h3>\n<ul>\n<li>Daljinsko aktiviranje za SureFire WeaponLights s uti\u010dnicama za prekida\u010de<\/li>\n<li>Kompaktni dizajn za u\u010dinkovito kori\u0161tenje prostora na \u0161ini<\/li>\n<li>Lako pri\u010dvr\u0161\u0107ivanje na M-LOK \u0161ine<\/li>\n<li>Vodootporna konstrukcija za pouzdanost u svim uvjetima<\/li>\n<li>Kabel od 9 in\u010da prikladan za ve\u0107inu pu\u0161ki\/karabina<\/li>\n<\/ul>\n<h3>Kompatibilnost:<\/h3>\n<p>CSM-09 je kompatibilan s nizom SureFire WeaponLights, uklju\u010duju\u0107i:<\/p>\n<ul>\n<li>Millennium Universal<\/li>\n<li>Classic Universal<\/li>\n<li>Scout Light (s uti\u010dnicom na stra\u017enjem poklopcu)<\/li>\n<li>X300<\/li>\n<li>X400 (s XT stra\u017enjim sklopom)<\/li>\n<\/ul>\n<h3>Rukovanje:<\/h3>\n<p>Aktivirajte svoj WeaponLight:<\/p>\n<ul>\n<li>Lagani pritisak za trenutno uklju\u010divanje<\/li>\n<li>Klik za stalno uklju\u010divanje<\/li>\n<\/ul>\n<p>CSM-09 prekida\u010d na pritisak osigurava da je va\u0161 WeaponLight spreman kada vam je potreban. Pouzdan je i precizan za sve va\u0161e takti\u010dke potrebe osvjetljenja.<\/p>\n<\/div>\n","protected":false},"excerpt":{"rendered":"<p>Kompaktni M-LOK daljinski prekida\u010d za SureFire oru\u017eane svjetiljke. Trenuta\u010dno i stalno uklju\u010divanje.<\/p>\n","protected":false},"featured_media":399883,"template":"","meta":{"_acf_changed":false},"product_brand":[11859],"product_cat":[13584,13560],"product_tag":[],"class_list":{"0":"post-410714","1":"product","2":"type-product","3":"status-publish","4":"has-post-thumbnail","6":"product_brand-surefire","7":"product_cat-dodaci-za-svjetla","8":"product_cat-svjetla","10":"first","11":"instock","12":"taxable","13":"shipping-taxable","14":"purchasable","15":"product-type-simple"},"acf":[],"_links":{"self":[{"href":"https:\/\/staging.nbg.eu\/hr\/wp-json\/wp\/v2\/product\/410714","targetHints":{"allow":["GET"]}}],"collection":[{"href":"https:\/\/staging.nbg.eu\/hr\/wp-json\/wp\/v2\/product"}],"about":[{"href":"https:\/\/staging.nbg.eu\/hr\/wp-json\/wp\/v2\/types\/product"}],"wp:featuredmedia":[{"embeddable":true,"href":"https:\/\/staging.nbg.eu\/hr\/wp-json\/wp\/v2\/media\/399883"}],"wp:attachment":[{"href":"https:\/\/staging.nbg.eu\/hr\/wp-json\/wp\/v2\/media?parent=410714"}],"wp:term":[{"taxonomy":"product_brand","embeddable":true,"href":"https:\/\/staging.nbg.eu\/hr\/wp-json\/wp\/v2\/product_brand?post=410714"},{"taxonomy":"product_cat","embeddable":true,"href":"https:\/\/staging.nbg.eu\/hr\/wp-json\/wp\/v2\/product_cat?post=410714"},{"taxonomy":"product_tag","embeddable":true,"href":"https:\/\/staging.nbg.eu\/hr\/wp-json\/wp\/v2\/product_tag?post=410714"}],"curies":[{"name":"wp","href":"https:\/\/api.w.org\/{rel}","templated":true}]}}