{"id":409629,"date":"2025-07-01T13:39:32","date_gmt":"2025-07-01T10:39:32","guid":{"rendered":"https:\/\/staging.nbg.eu\/product\/surefire-m340v-tn-pro-scout-light-pro\/"},"modified":"2025-07-01T13:42:35","modified_gmt":"2025-07-01T10:42:35","slug":"surefire-m340v-tn-pro-scout-light-pro","status":"publish","type":"product","link":"https:\/\/staging.nbg.eu\/hr\/proizvod\/surefire-m340v-tn-pro-scout-light-pro\/","title":{"rendered":"Surefire M340V-TN-PRO Scout Light Pro"},"content":{"rendered":"<h2>Surefire M340V-TN-PRO Scout Light Pro<\/h2>\n<h2>Osvjetljenje u mraku<\/h2>\n<p>Mini infracrveno Scout Light\u00ae Pro je 3-voltno oru\u017eano svjetlo, dizajnirano za prednost u svim uvjetima osvjetljenja. Ovaj vi\u0161enamjenski alat za osvjetljenje nudi:<\/p>\n<ul>\n<li>250 lumena bijelog svjetla<\/li>\n<li>100 mW nevidljivog infracrvenog osvjetljenja za ure\u0111aje za no\u0107no gledanje<\/li>\n<li>Bez potrebe za IR filterima ili rezervnim lampama<\/li>\n<li>SureFire-ov novi nosa\u010d niskog profila (LPM) za svestranost<\/li>\n<li>Jednostavno prebacivanje izme\u0111u bijelog svjetla, isklju\u010denog stanja i infracrvenog na\u010dina rada<\/li>\n<li>TIR le\u0107a za uski snop pogodan za aplikacije na kratkim do srednjim udaljenostima<\/li>\n<\/ul>\n<h3>\u010cvrsta konstrukcija<\/h3>\n<p>Izra\u0111en da izdr\u017ei te\u0161ke uvjete, M340V-TN-PRO ima:<\/p>\n<ul>\n<li>Tijelo od visoko\u010dvrstog zrakoplovnog aluminija<\/li>\n<li>Tvrdu anodizaciju vojnog standarda za izdr\u017eljivost i otpornost na koroziju<\/li>\n<li>Vrlo otporne IR i bijele LED diode<\/li>\n<li>IPX7 ocjenu vodootpornosti<\/li>\n<\/ul>\n<h3>Klju\u010dne specifikacije<\/h3>\n<ul>\n<li>Izlaz: 250 lumena (bijelo) \/ 100 mW (IR)<\/li>\n<li>Vrijeme rada: 1,5 sati (bijelo) \/ 6,0 sati (IR)<\/li>\n<li>Vr\u0161ni intenzitet snopa: 9.300 kandela<\/li>\n<li>Udaljenost snopa: 190 metara<\/li>\n<li>Duljina: 4,1 in\u010da (10,4 cm)<\/li>\n<li>Te\u017eina: 3,4 oz (96,4 g) s baterijom<\/li>\n<li>Napajanje: Jedna 123A litijska baterija (uklju\u010dena)<\/li>\n<\/ul>\n<p>Surefire M340V-TN-PRO Scout Light Pro &#8211; za takti\u010dke situacije s niskim osvjetljenjem.<\/p>\n","protected":false},"excerpt":{"rendered":"<p>Svestrano takti\u010dko svjetlo s 250 lumena bijelog\/100mW IR svjetla, robusnog dizajna, montirano na \u0161inu.<\/p>\n","protected":false},"featured_media":400309,"template":"","meta":{"_acf_changed":false},"product_brand":[11859],"product_cat":[13560,13520],"product_tag":[],"class_list":{"0":"post-409629","1":"product","2":"type-product","3":"status-publish","4":"has-post-thumbnail","6":"product_brand-surefire","7":"product_cat-svjetla","8":"product_cat-svjetla-za-pusku","10":"first","11":"instock","12":"taxable","13":"shipping-taxable","14":"purchasable","15":"product-type-simple"},"acf":[],"_links":{"self":[{"href":"https:\/\/staging.nbg.eu\/hr\/wp-json\/wp\/v2\/product\/409629","targetHints":{"allow":["GET"]}}],"collection":[{"href":"https:\/\/staging.nbg.eu\/hr\/wp-json\/wp\/v2\/product"}],"about":[{"href":"https:\/\/staging.nbg.eu\/hr\/wp-json\/wp\/v2\/types\/product"}],"wp:featuredmedia":[{"embeddable":true,"href":"https:\/\/staging.nbg.eu\/hr\/wp-json\/wp\/v2\/media\/400309"}],"wp:attachment":[{"href":"https:\/\/staging.nbg.eu\/hr\/wp-json\/wp\/v2\/media?parent=409629"}],"wp:term":[{"taxonomy":"product_brand","embeddable":true,"href":"https:\/\/staging.nbg.eu\/hr\/wp-json\/wp\/v2\/product_brand?post=409629"},{"taxonomy":"product_cat","embeddable":true,"href":"https:\/\/staging.nbg.eu\/hr\/wp-json\/wp\/v2\/product_cat?post=409629"},{"taxonomy":"product_tag","embeddable":true,"href":"https:\/\/staging.nbg.eu\/hr\/wp-json\/wp\/v2\/product_tag?post=409629"}],"curies":[{"name":"wp","href":"https:\/\/api.w.org\/{rel}","templated":true}]}}