{"id":405833,"date":"2025-06-30T21:19:05","date_gmt":"2025-06-30T18:19:05","guid":{"rendered":"https:\/\/staging.nbg.eu\/product\/surefire-scout-infrared-light-m640v-pro-tan\/"},"modified":"2025-06-30T21:20:59","modified_gmt":"2025-06-30T18:20:59","slug":"surefire-scout-infracrveno-svjetlo-m640v-pro-tan","status":"publish","type":"product","link":"https:\/\/staging.nbg.eu\/hr\/proizvod\/surefire-scout-infracrveno-svjetlo-m640v-pro-tan\/","title":{"rendered":"SureFire Scout Infracrveno Svjetlo &#8211; M640V PRO &#8211; Tan"},"content":{"rendered":"<h2>SureFire Scout infracrveno svjetlo &#8211; M640V PRO &#8211; Boja pijeska<\/h2>\n<p>M640V PRO Scout infracrveno svjetlo. Ovo oru\u017eano svjetlo ima sljede\u0107e zna\u010dajke:<\/p>\n<ul>\n<li>350 lumena bijelog svjetla i 120 mW IR izlaza<\/li>\n<li>Novi nosa\u010d niskog profila za optimalno pozicioniranje na MIL-STD-1913 ili M-LOK \u0161inama<\/li>\n<li>TIR le\u0107a za dalekose\u017eni snop s dovoljno okolnog svjetla<\/li>\n<li>Prebacivanje izme\u0111u bijelog i IR na\u010dina rada<\/li>\n<li>Konstrukcija od zrakoplovnog aluminija s tvrdo anodiziranom zavr\u0161nom obradom prema vojnim specifikacijama<\/li>\n<li>IPX7 otpornost na vodu<\/li>\n<li>Prekida\u010d na stra\u017enjem dijelu za lako aktiviranje<\/li>\n<\/ul>\n<p>S 2,5 sata rada na visokoj postavci i dometom snopa od 214 metara, M640V PRO je namijenjen za operacije srednjeg do dugog dometa.<\/p>\n","protected":false},"excerpt":{"rendered":"<p>Svestrano IR\/bijelo oru\u017eano svjetlo s 350 lumena i 120 mW IR izlazom.<\/p>\n","protected":false},"featured_media":353013,"template":"","meta":{"_acf_changed":false},"product_brand":[11859],"product_cat":[13528,13560,13520],"product_tag":[],"class_list":{"0":"post-405833","1":"product","2":"type-product","3":"status-publish","4":"has-post-thumbnail","6":"product_brand-surefire","7":"product_cat-edc-svjetla","8":"product_cat-svjetla","9":"product_cat-svjetla-za-pusku","11":"first","12":"instock","13":"taxable","14":"shipping-taxable","15":"purchasable","16":"product-type-simple"},"acf":[],"_links":{"self":[{"href":"https:\/\/staging.nbg.eu\/hr\/wp-json\/wp\/v2\/product\/405833","targetHints":{"allow":["GET"]}}],"collection":[{"href":"https:\/\/staging.nbg.eu\/hr\/wp-json\/wp\/v2\/product"}],"about":[{"href":"https:\/\/staging.nbg.eu\/hr\/wp-json\/wp\/v2\/types\/product"}],"wp:featuredmedia":[{"embeddable":true,"href":"https:\/\/staging.nbg.eu\/hr\/wp-json\/wp\/v2\/media\/353013"}],"wp:attachment":[{"href":"https:\/\/staging.nbg.eu\/hr\/wp-json\/wp\/v2\/media?parent=405833"}],"wp:term":[{"taxonomy":"product_brand","embeddable":true,"href":"https:\/\/staging.nbg.eu\/hr\/wp-json\/wp\/v2\/product_brand?post=405833"},{"taxonomy":"product_cat","embeddable":true,"href":"https:\/\/staging.nbg.eu\/hr\/wp-json\/wp\/v2\/product_cat?post=405833"},{"taxonomy":"product_tag","embeddable":true,"href":"https:\/\/staging.nbg.eu\/hr\/wp-json\/wp\/v2\/product_tag?post=405833"}],"curies":[{"name":"wp","href":"https:\/\/api.w.org\/{rel}","templated":true}]}}