{"id":405724,"date":"2025-06-30T21:13:53","date_gmt":"2025-06-30T18:13:53","guid":{"rendered":"https:\/\/staging.nbg.eu\/product\/surefire-plr-b-edc-flashlight-stiletto-pro\/"},"modified":"2025-06-30T21:15:44","modified_gmt":"2025-06-30T18:15:44","slug":"surefire-plr-b-edc-baterijska-lampa-stiletto-pro","status":"publish","type":"product","link":"https:\/\/staging.nbg.eu\/hr\/proizvod\/surefire-plr-b-edc-baterijska-lampa-stiletto-pro\/","title":{"rendered":"Surefire PLR-B EDC Baterijska Lampa &#8211; Stiletto Pro"},"content":{"rendered":"<h2>Surefire PLR-B EDC svjetiljka &#8211; Stiletto Pro<\/h2>\n<p>Stiletto Pro je svakodnevna prijenosna svjetiljka. Ovaj kompaktni ure\u0111aj proizvodi 1.000 lumena bijelog LED svjetla koriste\u0107i SureFire-ov MaxVision Beam\u00ae reflektor.<\/p>\n<ul>\n<li>Tri programabilne postavke: 1.000 lumena (visoko), 300 lumena (srednje) i 25 lumena (nisko)<\/li>\n<li>Tijelo od zrakoplovnog aluminija za lako skrivanje i izdr\u017eljivost<\/li>\n<li>Mil-Spec tvrdo anodizirani zavr\u0161ni sloj s IPX7 vodootporno\u0161\u0107u<\/li>\n<li>Takti\u010dki stra\u017enji prekida\u010d za trenutno visoki izlaz i opcionalni strob<\/li>\n<li>Integrirana USB-C punjiva litij-polimerna baterija<\/li>\n<li>LED indikator napunjenosti baterije<\/li>\n<li>Reverzibilna kop\u010da za d\u017eep od opru\u017enog \u010delika s Melonite\u00ae premazom<\/li>\n<\/ul>\n<p>Stiletto Pro je dug 11,43 cm i te\u017eak 113 grama. Stane u d\u017eep i pru\u017ea profesionalnu razinu osvjetljenja.<\/p>\n","protected":false},"excerpt":{"rendered":"<p>Kompaktno, sna\u017eno EDC svjetlo od 1000 lumena s MaxVision Beam\u00ae tehnologijom.<\/p>\n","protected":false},"featured_media":352657,"template":"","meta":{"_acf_changed":false},"product_brand":[11859],"product_cat":[13559,13528,13560],"product_tag":[],"class_list":{"0":"post-405724","1":"product","2":"type-product","3":"status-publish","4":"has-post-thumbnail","6":"product_brand-surefire","7":"product_cat-edc","8":"product_cat-edc-svjetla","9":"product_cat-svjetla","11":"first","12":"instock","13":"taxable","14":"shipping-taxable","15":"purchasable","16":"product-type-simple"},"acf":[],"_links":{"self":[{"href":"https:\/\/staging.nbg.eu\/hr\/wp-json\/wp\/v2\/product\/405724","targetHints":{"allow":["GET"]}}],"collection":[{"href":"https:\/\/staging.nbg.eu\/hr\/wp-json\/wp\/v2\/product"}],"about":[{"href":"https:\/\/staging.nbg.eu\/hr\/wp-json\/wp\/v2\/types\/product"}],"wp:featuredmedia":[{"embeddable":true,"href":"https:\/\/staging.nbg.eu\/hr\/wp-json\/wp\/v2\/media\/352657"}],"wp:attachment":[{"href":"https:\/\/staging.nbg.eu\/hr\/wp-json\/wp\/v2\/media?parent=405724"}],"wp:term":[{"taxonomy":"product_brand","embeddable":true,"href":"https:\/\/staging.nbg.eu\/hr\/wp-json\/wp\/v2\/product_brand?post=405724"},{"taxonomy":"product_cat","embeddable":true,"href":"https:\/\/staging.nbg.eu\/hr\/wp-json\/wp\/v2\/product_cat?post=405724"},{"taxonomy":"product_tag","embeddable":true,"href":"https:\/\/staging.nbg.eu\/hr\/wp-json\/wp\/v2\/product_tag?post=405724"}],"curies":[{"name":"wp","href":"https:\/\/api.w.org\/{rel}","templated":true}]}}