{"id":405566,"date":"2025-05-05T23:43:01","date_gmt":"2025-05-05T20:43:01","guid":{"rendered":"https:\/\/staging.nbg.eu\/product\/surefire-plr-c-edc-flashlight-stiletto-pro-ii\/"},"modified":"2025-06-30T20:03:15","modified_gmt":"2025-06-30T17:03:15","slug":"surefire-plr-c-edc-baterijska-lampa-stiletto-pro-ii","status":"publish","type":"product","link":"https:\/\/staging.nbg.eu\/hr\/proizvod\/surefire-plr-c-edc-baterijska-lampa-stiletto-pro-ii\/","title":{"rendered":"Surefire PLR-C EDC Baterijska Lampa &#8211; Stiletto Pro II"},"content":{"rendered":"<h2>Surefire PLR-C EDC Svjetiljka &#8211; Stiletto Pro II<\/h2>\n<p>Stiletto Pro II je svjetiljka za svakodnevno no\u0161enje. Ovaj ure\u0111aj kombinira tanki profil s izvedbom, pru\u017eaju\u0107i do 1.500 lumena hibridnog snopa svjetla koji dose\u017ee 375 metara.<\/p>\n<ul>\n<li>Dvostruka optika pru\u017ea 35.000 kandela za osvjetljenje na velike udaljenosti<\/li>\n<li>Tri programabilne postavke: Visoka (1.500 lumena), Srednja (500 lumena) i Niska (25 lumena)<\/li>\n<li>Tijelo od zrakoplovnog aluminija osigurava izdr\u017eljivost<\/li>\n<li>Takti\u010dki prekida\u010d na repu s opcionalnim stroboskopom visoke frekvencije<\/li>\n<li>Integrirana USB-C punjiva litij-polimerna baterija<\/li>\n<li>LED indikator za pra\u0107enje stanja baterije<\/li>\n<li>Reverzibilna kop\u010da za d\u017eep od opru\u017enog \u010delika s premazom Melonite<\/li>\n<li>IPX7 vodootporan do 1 metar dubine 30 minuta<\/li>\n<\/ul>\n<p>Stiletto Pro II je pogodan za navigaciju u mraku ili za outdoor aktivnosti. Njegov dizajn i performanse \u010dine ga prikladnim za policiju, vojno osoblje i svakodnevne korisnike.<\/p>\n","protected":false},"excerpt":{"rendered":"<p>Tanka, sna\u017ena svjetiljka za svakodnevno no\u0161enje s 1.500 lumena i dugometnim snopom.<\/p>\n","protected":false},"featured_media":352333,"template":"","meta":{"_acf_changed":false},"product_brand":[11859],"product_cat":[13559,13528,13560],"product_tag":[],"class_list":{"0":"post-405566","1":"product","2":"type-product","3":"status-publish","4":"has-post-thumbnail","6":"product_brand-surefire","7":"product_cat-edc","8":"product_cat-edc-svjetla","9":"product_cat-svjetla","11":"first","12":"outofstock","13":"taxable","14":"shipping-taxable","15":"purchasable","16":"product-type-simple"},"acf":[],"_links":{"self":[{"href":"https:\/\/staging.nbg.eu\/hr\/wp-json\/wp\/v2\/product\/405566","targetHints":{"allow":["GET"]}}],"collection":[{"href":"https:\/\/staging.nbg.eu\/hr\/wp-json\/wp\/v2\/product"}],"about":[{"href":"https:\/\/staging.nbg.eu\/hr\/wp-json\/wp\/v2\/types\/product"}],"wp:featuredmedia":[{"embeddable":true,"href":"https:\/\/staging.nbg.eu\/hr\/wp-json\/wp\/v2\/media\/352333"}],"wp:attachment":[{"href":"https:\/\/staging.nbg.eu\/hr\/wp-json\/wp\/v2\/media?parent=405566"}],"wp:term":[{"taxonomy":"product_brand","embeddable":true,"href":"https:\/\/staging.nbg.eu\/hr\/wp-json\/wp\/v2\/product_brand?post=405566"},{"taxonomy":"product_cat","embeddable":true,"href":"https:\/\/staging.nbg.eu\/hr\/wp-json\/wp\/v2\/product_cat?post=405566"},{"taxonomy":"product_tag","embeddable":true,"href":"https:\/\/staging.nbg.eu\/hr\/wp-json\/wp\/v2\/product_tag?post=405566"}],"curies":[{"name":"wp","href":"https:\/\/api.w.org\/{rel}","templated":true}]}}