{"id":404773,"date":"2025-06-30T12:05:45","date_gmt":"2025-06-30T09:05:45","guid":{"rendered":"https:\/\/staging.nbg.eu\/product\/ammunition-sb-cal-357-mag-fmj-10-25g\/"},"modified":"2025-06-30T12:07:19","modified_gmt":"2025-06-30T09:07:19","slug":"municija-sb-kal-357-mag-fmj-1025g","status":"publish","type":"product","link":"https:\/\/staging.nbg.eu\/hr\/proizvod\/municija-sb-kal-357-mag-fmj-1025g\/","title":{"rendered":"MUNICIJA S&#038;B kal. 357 Mag FMJ 10.25g"},"content":{"rendered":"<div class=\"product-description\">\n<h2>S&amp;B FMJ .357 Magnum 10,25g<\/h2>\n<p>Sellier &amp; Bellot-ov Full Metal Jacket .357 Magnum metak. Ovo streljivo je namijenjeno za revolvere.<\/p>\n<h3>Glavne zna\u010dajke:<\/h3>\n<ul>\n<li>Kalibar: .357 Magnum<\/li>\n<li>Te\u017eina zrna: 158gr\/10,25g Full Metal Jacket (FMJ)<\/li>\n<li>Po\u010detna brzina: 385 m\/s<\/li>\n<li>Balisti\u010dki koeficijent: 0,184<\/li>\n<li>Faktor snage: 199,6<\/li>\n<li>Veli\u010dina kutije: 50 metaka<\/li>\n<\/ul>\n<p>Proizvodi Sellier &amp; Bellot, proizvo\u0111a\u010d streljiva od 1825. godine. Ovaj metak je namijenjen za trening, natjecanja i druge strelja\u010dke aktivnosti.<\/p>\n<p>Ovo streljivo koriste civili i vojno osoblje diljem svijeta. S&amp;B .357 Magnum streljivo je namijenjeno za precizno i pouzdano pucanje.<\/p>\n<\/div>\n","protected":false},"excerpt":{"rendered":"<p>S&amp;B .357 Mag FMJ 10,25g: Sna\u017eno, precizno streljivo za revolver za vje\u017ebanje<\/p>\n","protected":false},"featured_media":359118,"template":"","meta":{"_acf_changed":false},"product_brand":[],"product_cat":[13554,13544],"product_tag":[],"class_list":{"0":"post-404773","1":"product","2":"type-product","3":"status-publish","4":"has-post-thumbnail","6":"product_cat-licencirano","7":"product_cat-municija","9":"first","10":"instock","11":"taxable","12":"shipping-taxable","13":"purchasable","14":"product-type-simple"},"acf":[],"_links":{"self":[{"href":"https:\/\/staging.nbg.eu\/hr\/wp-json\/wp\/v2\/product\/404773","targetHints":{"allow":["GET"]}}],"collection":[{"href":"https:\/\/staging.nbg.eu\/hr\/wp-json\/wp\/v2\/product"}],"about":[{"href":"https:\/\/staging.nbg.eu\/hr\/wp-json\/wp\/v2\/types\/product"}],"wp:featuredmedia":[{"embeddable":true,"href":"https:\/\/staging.nbg.eu\/hr\/wp-json\/wp\/v2\/media\/359118"}],"wp:attachment":[{"href":"https:\/\/staging.nbg.eu\/hr\/wp-json\/wp\/v2\/media?parent=404773"}],"wp:term":[{"taxonomy":"product_brand","embeddable":true,"href":"https:\/\/staging.nbg.eu\/hr\/wp-json\/wp\/v2\/product_brand?post=404773"},{"taxonomy":"product_cat","embeddable":true,"href":"https:\/\/staging.nbg.eu\/hr\/wp-json\/wp\/v2\/product_cat?post=404773"},{"taxonomy":"product_tag","embeddable":true,"href":"https:\/\/staging.nbg.eu\/hr\/wp-json\/wp\/v2\/product_tag?post=404773"}],"curies":[{"name":"wp","href":"https:\/\/api.w.org\/{rel}","templated":true}]}}