{"id":40062,"date":"2024-08-26T13:29:45","date_gmt":"2024-09-09T14:55:44","guid":{"rendered":"https:\/\/staging.nbg.eu\/product\/vanward-hunter-pro\/"},"modified":"2024-09-09T14:58:36","modified_gmt":"2024-09-09T14:58:36","slug":"vanward-hunter-pro","status":"publish","type":"product","link":"https:\/\/staging.nbg.eu\/hr\/proizvod\/vanward-hunter-pro\/","title":{"rendered":"Vanward Hunter PRO"},"content":{"rendered":"<div class=\"product-description\">\n<h2>Vanward Hunter PRO<\/h2>\n<p>Do\u017eivite vrhunske performanse ispod 300 grama s Vanward Hunter PRO prigu\u0161iva\u010dem. S optimiziranim razmakom pregrada za pobolj\u0161ano izjedna\u010davanje tlaka i robusnim heksagonalnim vanjskim dizajnom, ovaj prigu\u0161iva\u010d nudi pobolj\u0161anu sigurnost, \u010dvrsto\u0107u i u\u010dinkovitost hla\u0111enja.<\/p>\n<h2>Klju\u010dne zna\u010dajke:<\/h2>\n<ul>\n<li>3D ispis u jednom komadu titana stupnja 5 za maksimalnu sigurnost i performanse<\/li>\n<li>Izuzetno izdr\u017eljiv i otporan na koroziju<\/li>\n<li>Izmjenjivi navojni umetci od nehr\u0111aju\u0107eg \u010delika<\/li>\n<li>POM prsten za optimalan razmak od cijevi<\/li>\n<li>Dostupno u vi\u0161e vrsta navoja: 1\/2*28&#8243;, 5\/8&#215;24&#8243; M14x1, M14x1.5, M15x1, M16x1, M18x1<\/li>\n<\/ul>\n<h2>Specifikacije:<\/h2>\n<ul>\n<li>Promjer: 48mm<\/li>\n<li>Duljina: 220mm<\/li>\n<li>Te\u017eina: 295 grama*<\/li>\n<\/ul>\n<p>Inovativni dizajn i superiodni materijali \u010dine Vanward Hunter PRO savr\u0161enim izborom za zahtjevne lovce i entuzijaste pucanja koji tra\u017ee najbolje u tehnologiji prigu\u0161iva\u010da.<\/p>\n<\/div>\n","protected":false},"excerpt":{"rendered":"<p>Ultralagani titanski prigu\u0161iva\u010d s optimiziranim performansama.<\/p>\n","protected":false},"featured_media":102147,"template":"","meta":{"_acf_changed":false},"product_brand":[11928],"product_cat":[13504,13522,13569],"product_tag":[],"class_list":{"0":"post-40062","1":"product","2":"type-product","3":"status-publish","4":"has-post-thumbnail","6":"product_brand-vanward","7":"product_cat-prigusivaci","8":"product_cat-prigusivaci-za-pusku","9":"product_cat-puska","11":"first","12":"instock","13":"taxable","14":"shipping-taxable","15":"purchasable","16":"product-type-variable","17":"wvs-archive-product-wrapper"},"acf":[],"_links":{"self":[{"href":"https:\/\/staging.nbg.eu\/hr\/wp-json\/wp\/v2\/product\/40062","targetHints":{"allow":["GET"]}}],"collection":[{"href":"https:\/\/staging.nbg.eu\/hr\/wp-json\/wp\/v2\/product"}],"about":[{"href":"https:\/\/staging.nbg.eu\/hr\/wp-json\/wp\/v2\/types\/product"}],"wp:featuredmedia":[{"embeddable":true,"href":"https:\/\/staging.nbg.eu\/hr\/wp-json\/wp\/v2\/media\/102147"}],"wp:attachment":[{"href":"https:\/\/staging.nbg.eu\/hr\/wp-json\/wp\/v2\/media?parent=40062"}],"wp:term":[{"taxonomy":"product_brand","embeddable":true,"href":"https:\/\/staging.nbg.eu\/hr\/wp-json\/wp\/v2\/product_brand?post=40062"},{"taxonomy":"product_cat","embeddable":true,"href":"https:\/\/staging.nbg.eu\/hr\/wp-json\/wp\/v2\/product_cat?post=40062"},{"taxonomy":"product_tag","embeddable":true,"href":"https:\/\/staging.nbg.eu\/hr\/wp-json\/wp\/v2\/product_tag?post=40062"}],"curies":[{"name":"wp","href":"https:\/\/api.w.org\/{rel}","templated":true}]}}