{"id":39011,"date":"2024-08-26T13:35:02","date_gmt":"2024-09-09T14:48:22","guid":{"rendered":"https:\/\/staging.nbg.eu\/product\/vanward-felt\/"},"modified":"2024-09-09T14:50:08","modified_gmt":"2024-09-09T14:50:08","slug":"vanward-filc","status":"publish","type":"product","link":"https:\/\/staging.nbg.eu\/hr\/proizvod\/vanward-filc\/","title":{"rendered":"Vanward Filc"},"content":{"rendered":"<div class=\"product-description\">\n<h2>Vanward Felt Prigu\u0161iva\u010d<\/h2>\n<p>Do\u017eivite sljede\u0107u evoluciju u tehnologiji prigu\u0161iva\u010da s Vanward Felt-om, razvijenim iz 3D tiskanih prigu\u0161iva\u010da TE-Titan.<\/p>\n<h2>Klju\u010dne zna\u010dajke:<\/h2>\n<ul>\n<li>Optimizirani razmak pregrada za superiorno izjedna\u010davanje tlaka<\/li>\n<li>Heksagonalni vanjski dizajn za pove\u0107anu \u010dvrsto\u0107u i u\u010dinkovito hla\u0111enje<\/li>\n<li>Nevjerojatno lagan, samo 171 gram*<\/li>\n<li>3D tiskan u jednom komadu od titanija razreda 5<\/li>\n<li>Navojni dio od nehr\u0111aju\u0107eg \u010delika<\/li>\n<li>Otporan na vodu, slane otopine i plinove iz oru\u017eja<\/li>\n<li>Minimalno prianjanje ostataka baruta<\/li>\n<\/ul>\n<h2>Specifikacije:<\/h2>\n<ul>\n<li>Dostupni kalibri: .223, .264, .30<\/li>\n<li>Vrste navoja: M18x1, M15x1, M14x1, 1\/2*28<\/li>\n<li>Dimenzije: \u00d842mm x 130mm du\u017eine<\/li>\n<\/ul>\n<p>Dizajniran uz doprinos vrhunskih terenskih strijelaca, Vanward Felt nudi neusporedivu sigurnost, \u010dvrsto\u0107u i performanse. Njegove integrirane rashladne peraje i lagani dizajn \u010dine ga idealnim za terenske aplikacije ga\u0111anja.<\/p>\n<p><em>*Te\u017eina za navoj tipa M14x1<\/em><\/p>\n<\/div>\n","protected":false},"excerpt":{"rendered":"<p>Lagani, 3D-tiskani titanski prigu\u0161iva\u010d s optimiziranim dizajnom.<\/p>\n","protected":false},"featured_media":32216,"template":"","meta":{"_acf_changed":false},"product_brand":[11928],"product_cat":[13504,13522,13569],"product_tag":[],"class_list":{"0":"post-39011","1":"product","2":"type-product","3":"status-publish","4":"has-post-thumbnail","6":"product_brand-vanward","7":"product_cat-prigusivaci","8":"product_cat-prigusivaci-za-pusku","9":"product_cat-puska","11":"first","12":"instock","13":"taxable","14":"shipping-taxable","15":"purchasable","16":"product-type-variable","17":"wvs-archive-product-wrapper"},"acf":[],"_links":{"self":[{"href":"https:\/\/staging.nbg.eu\/hr\/wp-json\/wp\/v2\/product\/39011","targetHints":{"allow":["GET"]}}],"collection":[{"href":"https:\/\/staging.nbg.eu\/hr\/wp-json\/wp\/v2\/product"}],"about":[{"href":"https:\/\/staging.nbg.eu\/hr\/wp-json\/wp\/v2\/types\/product"}],"wp:featuredmedia":[{"embeddable":true,"href":"https:\/\/staging.nbg.eu\/hr\/wp-json\/wp\/v2\/media\/32216"}],"wp:attachment":[{"href":"https:\/\/staging.nbg.eu\/hr\/wp-json\/wp\/v2\/media?parent=39011"}],"wp:term":[{"taxonomy":"product_brand","embeddable":true,"href":"https:\/\/staging.nbg.eu\/hr\/wp-json\/wp\/v2\/product_brand?post=39011"},{"taxonomy":"product_cat","embeddable":true,"href":"https:\/\/staging.nbg.eu\/hr\/wp-json\/wp\/v2\/product_cat?post=39011"},{"taxonomy":"product_tag","embeddable":true,"href":"https:\/\/staging.nbg.eu\/hr\/wp-json\/wp\/v2\/product_tag?post=39011"}],"curies":[{"name":"wp","href":"https:\/\/api.w.org\/{rel}","templated":true}]}}